{"id":314,"date":"2023-03-12T13:03:23","date_gmt":"2023-03-12T13:03:23","guid":{"rendered":"https:\/\/esztituri.hu\/eszti_wp\/?page_id=314"},"modified":"2024-04-08T18:08:46","modified_gmt":"2024-04-08T18:08:46","slug":"szallitasi-informaciok","status":"publish","type":"page","link":"https:\/\/esztituri.hu\/eszti_wp\/szallitasi-informaciok\/","title":{"rendered":"Sz\u00e1ll\u00edt\u00e1si inform\u00e1ci\u00f3k"},"content":{"rendered":"\t\t<div data-elementor-type=\"wp-page\" data-elementor-id=\"314\" class=\"elementor elementor-314\" data-elementor-post-type=\"page\">\n\t\t\t\t\t\t<section class=\"elementor-section elementor-top-section elementor-element elementor-element-4fc1476 elementor-section-boxed elementor-section-height-default elementor-section-height-default\" data-id=\"4fc1476\" data-element_type=\"section\" data-e-type=\"section\">\n\t\t\t\t\t\t<div class=\"elementor-container elementor-column-gap-default\">\n\t\t\t\t\t<div class=\"elementor-column elementor-col-100 elementor-top-column elementor-element elementor-element-04f1e6f\" data-id=\"04f1e6f\" data-element_type=\"column\" data-e-type=\"column\">\n\t\t\t<div class=\"elementor-widget-wrap elementor-element-populated\">\n\t\t\t\t\t\t<div class=\"elementor-element elementor-element-dea1d58 elementor-widget elementor-widget-heading\" data-id=\"dea1d58\" data-element_type=\"widget\" data-e-type=\"widget\" data-widget_type=\"heading.default\">\n\t\t\t\t<div class=\"elementor-widget-container\">\n\t\t\t\t\t<h2 class=\"elementor-heading-title elementor-size-default\">Sz\u00e1ll\u00edt\u00e1si inform\u00e1ci\u00f3k<\/h2>\t\t\t\t<\/div>\n\t\t\t\t<\/div>\n\t\t\t\t\t<\/div>\n\t\t<\/div>\n\t\t\t\t\t<\/div>\n\t\t<\/section>\n\t\t\t\t<section class=\"elementor-section elementor-top-section elementor-element elementor-element-2b18153 elementor-section-boxed elementor-section-height-default elementor-section-height-default\" data-id=\"2b18153\" data-element_type=\"section\" data-e-type=\"section\">\n\t\t\t\t\t\t<div class=\"elementor-container elementor-column-gap-default\">\n\t\t\t\t\t<div class=\"elementor-column elementor-col-100 elementor-top-column elementor-element elementor-element-1186ec0\" data-id=\"1186ec0\" data-element_type=\"column\" data-e-type=\"column\">\n\t\t\t<div class=\"elementor-widget-wrap elementor-element-populated\">\n\t\t\t\t\t\t<div class=\"elementor-element elementor-element-2645985 elementor-widget elementor-widget-html\" data-id=\"2645985\" data-element_type=\"widget\" data-e-type=\"widget\" data-widget_type=\"html.default\">\n\t\t\t\t<div class=\"elementor-widget-container\">\n\t\t\t\t\t<script id=\"barat_script\">var st = document.createElement(\"script\");st.src = \"\/\/admin.fogyasztobarat.hu\/e-api.js\";st.type = \"text\/javascript\";st.setAttribute(\"data-id\", \"BCV7NYHW\");st.setAttribute(\"id\", \"fbarat-embed\");st.setAttribute(\"data-type\", \"dm\");var s = document.getElementById(\"barat_script\");s.parentNode.insertBefore(st, s);<\/script>\t\t\t\t<\/div>\n\t\t\t\t<\/div>\n\t\t\t\t\t<\/div>\n\t\t<\/div>\n\t\t\t\t\t<\/div>\n\t\t<\/section>\n\t\t\t\t<section class=\"elementor-section elementor-top-section elementor-element elementor-element-d75c184 elementor-section-boxed elementor-section-height-default elementor-section-height-default\" data-id=\"d75c184\" data-element_type=\"section\" data-e-type=\"section\">\n\t\t\t\t\t\t<div class=\"elementor-container elementor-column-gap-default\">\n\t\t\t\t\t<div class=\"elementor-column elementor-col-100 elementor-top-column elementor-element elementor-element-c7b67d6\" data-id=\"c7b67d6\" data-element_type=\"column\" data-e-type=\"column\">\n\t\t\t<div class=\"elementor-widget-wrap elementor-element-populated\">\n\t\t\t\t\t\t<div class=\"elementor-element elementor-element-7d1836d elementor-widget elementor-widget-text-editor\" data-id=\"7d1836d\" data-element_type=\"widget\" data-e-type=\"widget\" data-widget_type=\"text-editor.default\">\n\t\t\t\t<div class=\"elementor-widget-container\">\n\t\t\t\t\t\t\t\t\t<p>\u00a0<\/p>\n<p><strong>Vissz\u00e1ru kezel\u00e9se:<\/strong><\/p>\n<p>A term\u00e9kek \u00e1r\u00e1nak, illetve postak\u00f6lts\u00e9g\u00e9nek visszat\u00e9r\u00edt\u00e9se a k\u00e9zhezv\u00e9telt\u0151l sz\u00e1m\u00edtott 14 napon bel\u00fcl lehets\u00e9ges. A term\u00e9keket csak tiszt\u00e1n, haszn\u00e1latlan \u00e1llapotban \u00e1ll m\u00f3domban visszavenni. Mosott, haszn\u00e1lt term\u00e9kek visszak\u00fcld\u00e9s\u00e9re nincs lehet\u0151s\u00e9g. Ut\u00e1nv\u00e9tes csomagok \u00e1tv\u00e9tel\u00e9t nem v\u00e1llalom. R\u00e9szletes inform\u00e1ci\u00f3kat a Fogyaszt\u00f3bar\u00e1t &#8211; \u00c1SZF f\u00fcl alatt tal\u00e1l.\u00a0<\/p>\n<p>Visszak\u00fcld\u00e9si c\u00edm: Csepregi-Nagy Eszter; 7090 Tam\u00e1si, Miksz\u00e1th K\u00e1lm\u00e1n u. 24. vagy Tam\u00e1si Posta; 7090 Tam\u00e1si, Kossuth Lajos t\u00e9r 16-17.<\/p>\n<p><!-- \/wp:paragraph --><!-- wp:paragraph {\"align\":\"center\",\"fontSize\":\"medium\"} --><\/p>\n<p><!-- \/wp:paragraph --><!-- wp:image {\"align\":\"center\",\"id\":3054,\"sizeSlug\":\"large\",\"linkDestination\":\"media\"} --><\/p>\n<p><!-- \/wp:image --><!-- wp:paragraph --><\/p>\t\t\t\t\t\t\t\t<\/div>\n\t\t\t\t<\/div>\n\t\t\t\t\t<\/div>\n\t\t<\/div>\n\t\t\t\t\t<\/div>\n\t\t<\/section>\n\t\t\t\t<\/div>\n\t\t","protected":false},"excerpt":{"rendered":"<p>Sz\u00e1ll\u00edt\u00e1si inform\u00e1ci\u00f3k \u00a0 Vissz\u00e1ru kezel\u00e9se: A term\u00e9kek \u00e1r\u00e1nak, illetve postak\u00f6lts\u00e9g\u00e9nek visszat\u00e9r\u00edt\u00e9se a k\u00e9zhezv\u00e9telt\u0151l sz\u00e1m\u00edtott 14 napon bel\u00fcl lehets\u00e9ges. A term\u00e9keket csak tiszt\u00e1n, haszn\u00e1latlan \u00e1llapotban \u00e1ll m\u00f3domban visszavenni. Mosott, haszn\u00e1lt term\u00e9kek visszak\u00fcld\u00e9s\u00e9re nincs lehet\u0151s\u00e9g. Ut\u00e1nv\u00e9tes csomagok \u00e1tv\u00e9tel\u00e9t nem v\u00e1llalom. R\u00e9szletes inform\u00e1ci\u00f3kat a Fogyaszt\u00f3bar\u00e1t &#8211; \u00c1SZF f\u00fcl alatt tal\u00e1l.\u00a0 Visszak\u00fcld\u00e9si c\u00edm: Csepregi-Nagy Eszter; 7090 Tam\u00e1si, Miksz\u00e1th K\u00e1lm\u00e1n [&hellip;]<\/p>\n","protected":false},"author":36,"featured_media":0,"parent":0,"menu_order":0,"comment_status":"closed","ping_status":"closed","template":"","meta":{"footnotes":""},"class_list":["post-314","page","type-page","status-publish","hentry"],"blocksy_meta":[],"yoast_head":"<!-- This site is optimized with the Yoast SEO Premium plugin v27.5 (Yoast SEO v27.5) - https:\/\/yoast.com\/product\/yoast-seo-premium-wordpress\/ -->\n<title>Sz\u00e1ll\u00edt\u00e1si inform\u00e1ci\u00f3k | Eszti-Turi | pr\u00e9mium haszn\u00e1lt ruh\u00e1k | folyamatosan friss\u00fcl\u0151 \u00e1ruk\u00e9szlet<\/title>\n<meta name=\"robots\" content=\"index, follow, max-snippet:-1, max-image-preview:large, max-video-preview:-1\" \/>\n<link rel=\"canonical\" href=\"https:\/\/esztituri.hu\/eszti_wp\/szallitasi-informaciok\/\" \/>\n<meta property=\"og:locale\" content=\"hu_HU\" \/>\n<meta property=\"og:type\" content=\"article\" \/>\n<meta property=\"og:title\" content=\"Sz\u00e1ll\u00edt\u00e1si inform\u00e1ci\u00f3k\" \/>\n<meta property=\"og:description\" content=\"Sz\u00e1ll\u00edt\u00e1si inform\u00e1ci\u00f3k \u00a0 Vissz\u00e1ru kezel\u00e9se: A term\u00e9kek \u00e1r\u00e1nak, illetve postak\u00f6lts\u00e9g\u00e9nek visszat\u00e9r\u00edt\u00e9se a k\u00e9zhezv\u00e9telt\u0151l sz\u00e1m\u00edtott 14 napon bel\u00fcl lehets\u00e9ges. A term\u00e9keket csak tiszt\u00e1n, haszn\u00e1latlan \u00e1llapotban \u00e1ll m\u00f3domban visszavenni. Mosott, haszn\u00e1lt term\u00e9kek visszak\u00fcld\u00e9s\u00e9re nincs lehet\u0151s\u00e9g. Ut\u00e1nv\u00e9tes csomagok \u00e1tv\u00e9tel\u00e9t nem v\u00e1llalom. R\u00e9szletes inform\u00e1ci\u00f3kat a Fogyaszt\u00f3bar\u00e1t &#8211; \u00c1SZF f\u00fcl alatt tal\u00e1l.\u00a0 Visszak\u00fcld\u00e9si c\u00edm: Csepregi-Nagy Eszter; 7090 Tam\u00e1si, Miksz\u00e1th K\u00e1lm\u00e1n [&hellip;]\" \/>\n<meta property=\"og:url\" content=\"https:\/\/esztituri.hu\/eszti_wp\/szallitasi-informaciok\/\" \/>\n<meta property=\"og:site_name\" content=\"Eszti-Turi | pr\u00e9mium haszn\u00e1lt ruh\u00e1k | folyamatosan friss\u00fcl\u0151 \u00e1ruk\u00e9szlet\" \/>\n<meta property=\"article:publisher\" content=\"https:\/\/www.facebook.com\/groups\/1058158977911571\" \/>\n<meta property=\"article:modified_time\" content=\"2024-04-08T18:08:46+00:00\" \/>\n<meta property=\"og:image\" content=\"https:\/\/esztituri.hu\/eszti_wp\/wp-content\/uploads\/2023\/03\/cropped-Eszti-turi-logo-1.png\" \/>\n\t<meta property=\"og:image:width\" content=\"512\" \/>\n\t<meta property=\"og:image:height\" content=\"512\" \/>\n\t<meta property=\"og:image:type\" content=\"image\/png\" \/>\n<meta name=\"twitter:card\" content=\"summary_large_image\" \/>\n<meta name=\"twitter:label1\" content=\"Becs\u00fclt olvas\u00e1si id\u0151\" \/>\n\t<meta name=\"twitter:data1\" content=\"1 perc\" \/>\n<script type=\"application\/ld+json\" class=\"yoast-schema-graph\">{\"@context\":\"https:\\\/\\\/schema.org\",\"@graph\":[{\"@type\":\"WebPage\",\"@id\":\"https:\\\/\\\/esztituri.hu\\\/eszti_wp\\\/szallitasi-informaciok\\\/\",\"url\":\"https:\\\/\\\/esztituri.hu\\\/eszti_wp\\\/szallitasi-informaciok\\\/\",\"name\":\"Sz\u00e1ll\u00edt\u00e1si inform\u00e1ci\u00f3k | Eszti-Turi | pr\u00e9mium haszn\u00e1lt ruh\u00e1k | folyamatosan friss\u00fcl\u0151 \u00e1ruk\u00e9szlet\",\"isPartOf\":{\"@id\":\"https:\\\/\\\/esztituri.hu\\\/eszti_wp\\\/#website\"},\"datePublished\":\"2023-03-12T13:03:23+00:00\",\"dateModified\":\"2024-04-08T18:08:46+00:00\",\"breadcrumb\":{\"@id\":\"https:\\\/\\\/esztituri.hu\\\/eszti_wp\\\/szallitasi-informaciok\\\/#breadcrumb\"},\"inLanguage\":\"hu\",\"potentialAction\":[{\"@type\":\"ReadAction\",\"target\":[\"https:\\\/\\\/esztituri.hu\\\/eszti_wp\\\/szallitasi-informaciok\\\/\"]}]},{\"@type\":\"BreadcrumbList\",\"@id\":\"https:\\\/\\\/esztituri.hu\\\/eszti_wp\\\/szallitasi-informaciok\\\/#breadcrumb\",\"itemListElement\":[{\"@type\":\"ListItem\",\"position\":1,\"name\":\"Kezd\u0151lap\",\"item\":\"https:\\\/\\\/esztituri.hu\\\/eszti_wp\\\/\"},{\"@type\":\"ListItem\",\"position\":2,\"name\":\"Sz\u00e1ll\u00edt\u00e1si inform\u00e1ci\u00f3k\"}]},{\"@type\":\"WebSite\",\"@id\":\"https:\\\/\\\/esztituri.hu\\\/eszti_wp\\\/#website\",\"url\":\"https:\\\/\\\/esztituri.hu\\\/eszti_wp\\\/\",\"name\":\"Eszti-Turi | pr\u00e9mium haszn\u00e1lt ruh\u00e1k | folyamatosan friss\u00fcl\u0151 \u00e1ruk\u00e9szlet\",\"description\":\"Pr\u00e9mium haszn\u00e1lt ruh\u00e1k\",\"publisher\":{\"@id\":\"https:\\\/\\\/esztituri.hu\\\/eszti_wp\\\/#organization\"},\"potentialAction\":[{\"@type\":\"SearchAction\",\"target\":{\"@type\":\"EntryPoint\",\"urlTemplate\":\"https:\\\/\\\/esztituri.hu\\\/eszti_wp\\\/?s={search_term_string}\"},\"query-input\":{\"@type\":\"PropertyValueSpecification\",\"valueRequired\":true,\"valueName\":\"search_term_string\"}}],\"inLanguage\":\"hu\"},{\"@type\":\"Organization\",\"@id\":\"https:\\\/\\\/esztituri.hu\\\/eszti_wp\\\/#organization\",\"name\":\"Eszti-Turi | pr\u00e9mium haszn\u00e1lt ruh\u00e1k | folyamatosan friss\u00fcl\u0151 \u00e1ruk\u00e9szlet\",\"url\":\"https:\\\/\\\/esztituri.hu\\\/eszti_wp\\\/\",\"logo\":{\"@type\":\"ImageObject\",\"inLanguage\":\"hu\",\"@id\":\"https:\\\/\\\/esztituri.hu\\\/eszti_wp\\\/#\\\/schema\\\/logo\\\/image\\\/\",\"url\":\"https:\\\/\\\/esztituri.hu\\\/eszti_wp\\\/wp-content\\\/uploads\\\/2023\\\/03\\\/Eszti-turi-logo.png\",\"contentUrl\":\"https:\\\/\\\/esztituri.hu\\\/eszti_wp\\\/wp-content\\\/uploads\\\/2023\\\/03\\\/Eszti-turi-logo.png\",\"width\":1024,\"height\":1024,\"caption\":\"Eszti-Turi | pr\u00e9mium haszn\u00e1lt ruh\u00e1k | folyamatosan friss\u00fcl\u0151 \u00e1ruk\u00e9szlet\"},\"image\":{\"@id\":\"https:\\\/\\\/esztituri.hu\\\/eszti_wp\\\/#\\\/schema\\\/logo\\\/image\\\/\"},\"sameAs\":[\"https:\\\/\\\/www.facebook.com\\\/groups\\\/1058158977911571\"]}]}<\/script>\n<!-- \/ Yoast SEO Premium plugin. -->","yoast_head_json":{"title":"Sz\u00e1ll\u00edt\u00e1si inform\u00e1ci\u00f3k | Eszti-Turi | pr\u00e9mium haszn\u00e1lt ruh\u00e1k | folyamatosan friss\u00fcl\u0151 \u00e1ruk\u00e9szlet","robots":{"index":"index","follow":"follow","max-snippet":"max-snippet:-1","max-image-preview":"max-image-preview:large","max-video-preview":"max-video-preview:-1"},"canonical":"https:\/\/esztituri.hu\/eszti_wp\/szallitasi-informaciok\/","og_locale":"hu_HU","og_type":"article","og_title":"Sz\u00e1ll\u00edt\u00e1si inform\u00e1ci\u00f3k","og_description":"Sz\u00e1ll\u00edt\u00e1si inform\u00e1ci\u00f3k \u00a0 Vissz\u00e1ru kezel\u00e9se: A term\u00e9kek \u00e1r\u00e1nak, illetve postak\u00f6lts\u00e9g\u00e9nek visszat\u00e9r\u00edt\u00e9se a k\u00e9zhezv\u00e9telt\u0151l sz\u00e1m\u00edtott 14 napon bel\u00fcl lehets\u00e9ges. A term\u00e9keket csak tiszt\u00e1n, haszn\u00e1latlan \u00e1llapotban \u00e1ll m\u00f3domban visszavenni. Mosott, haszn\u00e1lt term\u00e9kek visszak\u00fcld\u00e9s\u00e9re nincs lehet\u0151s\u00e9g. Ut\u00e1nv\u00e9tes csomagok \u00e1tv\u00e9tel\u00e9t nem v\u00e1llalom. R\u00e9szletes inform\u00e1ci\u00f3kat a Fogyaszt\u00f3bar\u00e1t &#8211; \u00c1SZF f\u00fcl alatt tal\u00e1l.\u00a0 Visszak\u00fcld\u00e9si c\u00edm: Csepregi-Nagy Eszter; 7090 Tam\u00e1si, Miksz\u00e1th K\u00e1lm\u00e1n [&hellip;]","og_url":"https:\/\/esztituri.hu\/eszti_wp\/szallitasi-informaciok\/","og_site_name":"Eszti-Turi | pr\u00e9mium haszn\u00e1lt ruh\u00e1k | folyamatosan friss\u00fcl\u0151 \u00e1ruk\u00e9szlet","article_publisher":"https:\/\/www.facebook.com\/groups\/1058158977911571","article_modified_time":"2024-04-08T18:08:46+00:00","og_image":[{"width":512,"height":512,"url":"https:\/\/esztituri.hu\/eszti_wp\/wp-content\/uploads\/2023\/03\/cropped-Eszti-turi-logo-1.png","type":"image\/png"}],"twitter_card":"summary_large_image","twitter_misc":{"Becs\u00fclt olvas\u00e1si id\u0151":"1 perc"},"schema":{"@context":"https:\/\/schema.org","@graph":[{"@type":"WebPage","@id":"https:\/\/esztituri.hu\/eszti_wp\/szallitasi-informaciok\/","url":"https:\/\/esztituri.hu\/eszti_wp\/szallitasi-informaciok\/","name":"Sz\u00e1ll\u00edt\u00e1si inform\u00e1ci\u00f3k | Eszti-Turi | pr\u00e9mium haszn\u00e1lt ruh\u00e1k | folyamatosan friss\u00fcl\u0151 \u00e1ruk\u00e9szlet","isPartOf":{"@id":"https:\/\/esztituri.hu\/eszti_wp\/#website"},"datePublished":"2023-03-12T13:03:23+00:00","dateModified":"2024-04-08T18:08:46+00:00","breadcrumb":{"@id":"https:\/\/esztituri.hu\/eszti_wp\/szallitasi-informaciok\/#breadcrumb"},"inLanguage":"hu","potentialAction":[{"@type":"ReadAction","target":["https:\/\/esztituri.hu\/eszti_wp\/szallitasi-informaciok\/"]}]},{"@type":"BreadcrumbList","@id":"https:\/\/esztituri.hu\/eszti_wp\/szallitasi-informaciok\/#breadcrumb","itemListElement":[{"@type":"ListItem","position":1,"name":"Kezd\u0151lap","item":"https:\/\/esztituri.hu\/eszti_wp\/"},{"@type":"ListItem","position":2,"name":"Sz\u00e1ll\u00edt\u00e1si inform\u00e1ci\u00f3k"}]},{"@type":"WebSite","@id":"https:\/\/esztituri.hu\/eszti_wp\/#website","url":"https:\/\/esztituri.hu\/eszti_wp\/","name":"Eszti-Turi | pr\u00e9mium haszn\u00e1lt ruh\u00e1k | folyamatosan friss\u00fcl\u0151 \u00e1ruk\u00e9szlet","description":"Pr\u00e9mium haszn\u00e1lt ruh\u00e1k","publisher":{"@id":"https:\/\/esztituri.hu\/eszti_wp\/#organization"},"potentialAction":[{"@type":"SearchAction","target":{"@type":"EntryPoint","urlTemplate":"https:\/\/esztituri.hu\/eszti_wp\/?s={search_term_string}"},"query-input":{"@type":"PropertyValueSpecification","valueRequired":true,"valueName":"search_term_string"}}],"inLanguage":"hu"},{"@type":"Organization","@id":"https:\/\/esztituri.hu\/eszti_wp\/#organization","name":"Eszti-Turi | pr\u00e9mium haszn\u00e1lt ruh\u00e1k | folyamatosan friss\u00fcl\u0151 \u00e1ruk\u00e9szlet","url":"https:\/\/esztituri.hu\/eszti_wp\/","logo":{"@type":"ImageObject","inLanguage":"hu","@id":"https:\/\/esztituri.hu\/eszti_wp\/#\/schema\/logo\/image\/","url":"https:\/\/esztituri.hu\/eszti_wp\/wp-content\/uploads\/2023\/03\/Eszti-turi-logo.png","contentUrl":"https:\/\/esztituri.hu\/eszti_wp\/wp-content\/uploads\/2023\/03\/Eszti-turi-logo.png","width":1024,"height":1024,"caption":"Eszti-Turi | pr\u00e9mium haszn\u00e1lt ruh\u00e1k | folyamatosan friss\u00fcl\u0151 \u00e1ruk\u00e9szlet"},"image":{"@id":"https:\/\/esztituri.hu\/eszti_wp\/#\/schema\/logo\/image\/"},"sameAs":["https:\/\/www.facebook.com\/groups\/1058158977911571"]}]}},"_links":{"self":[{"href":"https:\/\/esztituri.hu\/eszti_wp\/wp-json\/wp\/v2\/pages\/314","targetHints":{"allow":["GET"]}}],"collection":[{"href":"https:\/\/esztituri.hu\/eszti_wp\/wp-json\/wp\/v2\/pages"}],"about":[{"href":"https:\/\/esztituri.hu\/eszti_wp\/wp-json\/wp\/v2\/types\/page"}],"author":[{"embeddable":true,"href":"https:\/\/esztituri.hu\/eszti_wp\/wp-json\/wp\/v2\/users\/36"}],"replies":[{"embeddable":true,"href":"https:\/\/esztituri.hu\/eszti_wp\/wp-json\/wp\/v2\/comments?post=314"}],"version-history":[{"count":17,"href":"https:\/\/esztituri.hu\/eszti_wp\/wp-json\/wp\/v2\/pages\/314\/revisions"}],"predecessor-version":[{"id":6299,"href":"https:\/\/esztituri.hu\/eszti_wp\/wp-json\/wp\/v2\/pages\/314\/revisions\/6299"}],"wp:attachment":[{"href":"https:\/\/esztituri.hu\/eszti_wp\/wp-json\/wp\/v2\/media?parent=314"}],"curies":[{"name":"wp","href":"https:\/\/api.w.org\/{rel}","templated":true}]}}