{"id":10115,"date":"2026-04-01T14:25:49","date_gmt":"2026-04-01T12:25:49","guid":{"rendered":"https:\/\/esztituri.hu\/eszti_wp\/?post_type=product&#038;p=10115"},"modified":"2026-04-01T15:15:37","modified_gmt":"2026-04-01T13:15:37","slug":"prettylittlething-ruha-s","status":"publish","type":"product","link":"https:\/\/esztituri.hu\/eszti_wp\/termek\/prettylittlething-ruha-s\/","title":{"rendered":"Prettylittlething ruha (S)"},"content":{"rendered":"","protected":false},"excerpt":{"rendered":"<p><strong>Fekete-feh\u00e9r mint\u00e1s ruha.<\/strong><\/p>\n<p>36\/S m\u00e9ret<\/p>\n<ul>\n<li>mellb\u0151s\u00e9g: 40 cm x2<\/li>\n<li>der\u00e9kb\u0151s\u00e9g: 35 cm x2<\/li>\n<li>hossz: 83 cm<\/li>\n<li>anyag\u00f6sszet\u00e9tel: 100% poli\u00e9szter<\/li>\n<\/ul>\n","protected":false},"featured_media":10097,"template":"","meta":[],"product_brand":[],"product_cat":[36],"product_tag":[99,93,212,437,21,260],"class_list":{"0":"post-10115","1":"product","2":"type-product","3":"status-publish","4":"has-post-thumbnail","6":"product_cat-ruha","7":"product_tag-99","8":"product_tag-feher","9":"product_tag-fekete","10":"product_tag-prettylittlething","11":"product_tag-ruha","12":"product_tag-s","14":"first","15":"instock","16":"sold-individually","17":"shipping-taxable","18":"purchasable","19":"product-type-simple"},"yoast_head":"<!-- This site is optimized with the Yoast SEO Premium plugin v27.3 (Yoast SEO v27.3) - https:\/\/yoast.com\/product\/yoast-seo-premium-wordpress\/ -->\n<title>Prettylittlething ruha (S) | Eszti-Turi | pr\u00e9mium haszn\u00e1lt ruh\u00e1k | folyamatosan friss\u00fcl\u0151 \u00e1ruk\u00e9szlet<\/title>\n<meta name=\"robots\" content=\"noindex, follow\" \/>\n<meta property=\"og:locale\" content=\"hu_HU\" \/>\n<meta property=\"og:type\" content=\"article\" \/>\n<meta property=\"og:title\" content=\"Prettylittlething ruha (S)\" \/>\n<meta property=\"og:description\" content=\"Fekete-feh\u00e9r mint\u00e1s ruha.  36\/S m\u00e9ret   mellb\u0151s\u00e9g: 40 cm x2  der\u00e9kb\u0151s\u00e9g: 35 cm x2  hossz: 83 cm  anyag\u00f6sszet\u00e9tel: 100% poli\u00e9szter\" \/>\n<meta property=\"og:url\" content=\"https:\/\/esztituri.hu\/eszti_wp\/termek\/prettylittlething-ruha-s\/\" \/>\n<meta property=\"og:site_name\" content=\"Eszti-Turi | pr\u00e9mium haszn\u00e1lt ruh\u00e1k | folyamatosan friss\u00fcl\u0151 \u00e1ruk\u00e9szlet\" \/>\n<meta property=\"article:publisher\" content=\"https:\/\/www.facebook.com\/groups\/1058158977911571\" \/>\n<meta property=\"article:modified_time\" content=\"2026-04-01T13:15:37+00:00\" \/>\n<meta property=\"og:image\" content=\"https:\/\/esztituri.hu\/eszti_wp\/wp-content\/uploads\/2026\/04\/CYMU7806.png\" \/>\n\t<meta property=\"og:image:width\" content=\"1024\" \/>\n\t<meta property=\"og:image:height\" content=\"1536\" \/>\n\t<meta property=\"og:image:type\" content=\"image\/png\" \/>\n<meta name=\"twitter:card\" content=\"summary_large_image\" \/>\n<meta name=\"twitter:label1\" content=\"\u00c1r\" \/>\n\t<meta name=\"twitter:data1\" content=\"1.790&nbsp;&#070;&#116;\" \/>\n\t<meta name=\"twitter:label2\" content=\"El\u00e9rhet\u0151s\u00e9g\" \/>\n\t<meta name=\"twitter:data2\" content=\"K\u00e9szleten\" \/>\n<script type=\"application\/ld+json\" class=\"yoast-schema-graph\">{\"@context\":\"https:\\\/\\\/schema.org\",\"@graph\":[{\"@type\":\"WebPage\",\"@id\":\"https:\\\/\\\/esztituri.hu\\\/eszti_wp\\\/termek\\\/prettylittlething-ruha-s\\\/\",\"url\":\"https:\\\/\\\/esztituri.hu\\\/eszti_wp\\\/termek\\\/prettylittlething-ruha-s\\\/\",\"name\":\"Prettylittlething ruha (S) | Eszti-Turi | pr\u00e9mium haszn\u00e1lt ruh\u00e1k | folyamatosan friss\u00fcl\u0151 \u00e1ruk\u00e9szlet\",\"isPartOf\":{\"@id\":\"https:\\\/\\\/esztituri.hu\\\/eszti_wp\\\/#website\"},\"primaryImageOfPage\":{\"@id\":\"https:\\\/\\\/esztituri.hu\\\/eszti_wp\\\/termek\\\/prettylittlething-ruha-s\\\/#primaryimage\"},\"image\":{\"@id\":\"https:\\\/\\\/esztituri.hu\\\/eszti_wp\\\/termek\\\/prettylittlething-ruha-s\\\/#primaryimage\"},\"thumbnailUrl\":\"https:\\\/\\\/esztituri.hu\\\/eszti_wp\\\/wp-content\\\/uploads\\\/2026\\\/04\\\/CYMU7806.png\",\"datePublished\":\"2026-04-01T12:25:49+00:00\",\"dateModified\":\"2026-04-01T13:15:37+00:00\",\"breadcrumb\":{\"@id\":\"https:\\\/\\\/esztituri.hu\\\/eszti_wp\\\/termek\\\/prettylittlething-ruha-s\\\/#breadcrumb\"},\"inLanguage\":\"hu\",\"potentialAction\":[{\"@type\":\"ReadAction\",\"target\":[\"https:\\\/\\\/esztituri.hu\\\/eszti_wp\\\/termek\\\/prettylittlething-ruha-s\\\/\"]}]},{\"@type\":\"ImageObject\",\"inLanguage\":\"hu\",\"@id\":\"https:\\\/\\\/esztituri.hu\\\/eszti_wp\\\/termek\\\/prettylittlething-ruha-s\\\/#primaryimage\",\"url\":\"https:\\\/\\\/esztituri.hu\\\/eszti_wp\\\/wp-content\\\/uploads\\\/2026\\\/04\\\/CYMU7806.png\",\"contentUrl\":\"https:\\\/\\\/esztituri.hu\\\/eszti_wp\\\/wp-content\\\/uploads\\\/2026\\\/04\\\/CYMU7806.png\",\"width\":1024,\"height\":1536},{\"@type\":\"BreadcrumbList\",\"@id\":\"https:\\\/\\\/esztituri.hu\\\/eszti_wp\\\/termek\\\/prettylittlething-ruha-s\\\/#breadcrumb\",\"itemListElement\":[{\"@type\":\"ListItem\",\"position\":1,\"name\":\"Kezd\u0151lap\",\"item\":\"https:\\\/\\\/esztituri.hu\\\/eszti_wp\\\/\"},{\"@type\":\"ListItem\",\"position\":2,\"name\":\"Webshop\",\"item\":\"https:\\\/\\\/esztituri.hu\\\/eszti_wp\\\/webshop\\\/\"},{\"@type\":\"ListItem\",\"position\":3,\"name\":\"Prettylittlething ruha (S)\"}]},{\"@type\":\"WebSite\",\"@id\":\"https:\\\/\\\/esztituri.hu\\\/eszti_wp\\\/#website\",\"url\":\"https:\\\/\\\/esztituri.hu\\\/eszti_wp\\\/\",\"name\":\"Eszti-Turi | pr\u00e9mium haszn\u00e1lt ruh\u00e1k | folyamatosan friss\u00fcl\u0151 \u00e1ruk\u00e9szlet\",\"description\":\"Pr\u00e9mium haszn\u00e1lt ruh\u00e1k\",\"publisher\":{\"@id\":\"https:\\\/\\\/esztituri.hu\\\/eszti_wp\\\/#organization\"},\"potentialAction\":[{\"@type\":\"SearchAction\",\"target\":{\"@type\":\"EntryPoint\",\"urlTemplate\":\"https:\\\/\\\/esztituri.hu\\\/eszti_wp\\\/?s={search_term_string}\"},\"query-input\":{\"@type\":\"PropertyValueSpecification\",\"valueRequired\":true,\"valueName\":\"search_term_string\"}}],\"inLanguage\":\"hu\"},{\"@type\":\"Organization\",\"@id\":\"https:\\\/\\\/esztituri.hu\\\/eszti_wp\\\/#organization\",\"name\":\"Eszti-Turi | pr\u00e9mium haszn\u00e1lt ruh\u00e1k | folyamatosan friss\u00fcl\u0151 \u00e1ruk\u00e9szlet\",\"url\":\"https:\\\/\\\/esztituri.hu\\\/eszti_wp\\\/\",\"logo\":{\"@type\":\"ImageObject\",\"inLanguage\":\"hu\",\"@id\":\"https:\\\/\\\/esztituri.hu\\\/eszti_wp\\\/#\\\/schema\\\/logo\\\/image\\\/\",\"url\":\"https:\\\/\\\/esztituri.hu\\\/eszti_wp\\\/wp-content\\\/uploads\\\/2023\\\/03\\\/Eszti-turi-logo.png\",\"contentUrl\":\"https:\\\/\\\/esztituri.hu\\\/eszti_wp\\\/wp-content\\\/uploads\\\/2023\\\/03\\\/Eszti-turi-logo.png\",\"width\":1024,\"height\":1024,\"caption\":\"Eszti-Turi | pr\u00e9mium haszn\u00e1lt ruh\u00e1k | folyamatosan friss\u00fcl\u0151 \u00e1ruk\u00e9szlet\"},\"image\":{\"@id\":\"https:\\\/\\\/esztituri.hu\\\/eszti_wp\\\/#\\\/schema\\\/logo\\\/image\\\/\"},\"sameAs\":[\"https:\\\/\\\/www.facebook.com\\\/groups\\\/1058158977911571\"]}]}<\/script>\n<meta property=\"product:price:amount\" content=\"1790\" \/>\n<meta property=\"product:price:currency\" content=\"HUF\" \/>\n<meta property=\"og:availability\" content=\"instock\" \/>\n<meta property=\"product:availability\" content=\"instock\" \/>\n<meta property=\"product:retailer_item_id\" content=\"PL36R\" \/>\n<meta property=\"product:condition\" content=\"new\" \/>\n<!-- \/ Yoast SEO Premium plugin. -->","yoast_head_json":{"title":"Prettylittlething ruha (S) | Eszti-Turi | pr\u00e9mium haszn\u00e1lt ruh\u00e1k | folyamatosan friss\u00fcl\u0151 \u00e1ruk\u00e9szlet","robots":{"index":"noindex","follow":"follow"},"og_locale":"hu_HU","og_type":"article","og_title":"Prettylittlething ruha (S)","og_description":"Fekete-feh\u00e9r mint\u00e1s ruha.  36\/S m\u00e9ret   mellb\u0151s\u00e9g: 40 cm x2  der\u00e9kb\u0151s\u00e9g: 35 cm x2  hossz: 83 cm  anyag\u00f6sszet\u00e9tel: 100% poli\u00e9szter","og_url":"https:\/\/esztituri.hu\/eszti_wp\/termek\/prettylittlething-ruha-s\/","og_site_name":"Eszti-Turi | pr\u00e9mium haszn\u00e1lt ruh\u00e1k | folyamatosan friss\u00fcl\u0151 \u00e1ruk\u00e9szlet","article_publisher":"https:\/\/www.facebook.com\/groups\/1058158977911571","article_modified_time":"2026-04-01T13:15:37+00:00","og_image":[{"width":1024,"height":1536,"url":"https:\/\/esztituri.hu\/eszti_wp\/wp-content\/uploads\/2026\/04\/CYMU7806.png","type":"image\/png"}],"twitter_card":"summary_large_image","twitter_misc":{"\u00c1r":"1.790&nbsp;&#70;&#116;","El\u00e9rhet\u0151s\u00e9g":"K\u00e9szleten"},"schema":{"@context":"https:\/\/schema.org","@graph":[{"@type":"WebPage","@id":"https:\/\/esztituri.hu\/eszti_wp\/termek\/prettylittlething-ruha-s\/","url":"https:\/\/esztituri.hu\/eszti_wp\/termek\/prettylittlething-ruha-s\/","name":"Prettylittlething ruha (S) | Eszti-Turi | pr\u00e9mium haszn\u00e1lt ruh\u00e1k | folyamatosan friss\u00fcl\u0151 \u00e1ruk\u00e9szlet","isPartOf":{"@id":"https:\/\/esztituri.hu\/eszti_wp\/#website"},"primaryImageOfPage":{"@id":"https:\/\/esztituri.hu\/eszti_wp\/termek\/prettylittlething-ruha-s\/#primaryimage"},"image":{"@id":"https:\/\/esztituri.hu\/eszti_wp\/termek\/prettylittlething-ruha-s\/#primaryimage"},"thumbnailUrl":"https:\/\/esztituri.hu\/eszti_wp\/wp-content\/uploads\/2026\/04\/CYMU7806.png","datePublished":"2026-04-01T12:25:49+00:00","dateModified":"2026-04-01T13:15:37+00:00","breadcrumb":{"@id":"https:\/\/esztituri.hu\/eszti_wp\/termek\/prettylittlething-ruha-s\/#breadcrumb"},"inLanguage":"hu","potentialAction":[{"@type":"ReadAction","target":["https:\/\/esztituri.hu\/eszti_wp\/termek\/prettylittlething-ruha-s\/"]}]},{"@type":"ImageObject","inLanguage":"hu","@id":"https:\/\/esztituri.hu\/eszti_wp\/termek\/prettylittlething-ruha-s\/#primaryimage","url":"https:\/\/esztituri.hu\/eszti_wp\/wp-content\/uploads\/2026\/04\/CYMU7806.png","contentUrl":"https:\/\/esztituri.hu\/eszti_wp\/wp-content\/uploads\/2026\/04\/CYMU7806.png","width":1024,"height":1536},{"@type":"BreadcrumbList","@id":"https:\/\/esztituri.hu\/eszti_wp\/termek\/prettylittlething-ruha-s\/#breadcrumb","itemListElement":[{"@type":"ListItem","position":1,"name":"Kezd\u0151lap","item":"https:\/\/esztituri.hu\/eszti_wp\/"},{"@type":"ListItem","position":2,"name":"Webshop","item":"https:\/\/esztituri.hu\/eszti_wp\/webshop\/"},{"@type":"ListItem","position":3,"name":"Prettylittlething ruha (S)"}]},{"@type":"WebSite","@id":"https:\/\/esztituri.hu\/eszti_wp\/#website","url":"https:\/\/esztituri.hu\/eszti_wp\/","name":"Eszti-Turi | pr\u00e9mium haszn\u00e1lt ruh\u00e1k | folyamatosan friss\u00fcl\u0151 \u00e1ruk\u00e9szlet","description":"Pr\u00e9mium haszn\u00e1lt ruh\u00e1k","publisher":{"@id":"https:\/\/esztituri.hu\/eszti_wp\/#organization"},"potentialAction":[{"@type":"SearchAction","target":{"@type":"EntryPoint","urlTemplate":"https:\/\/esztituri.hu\/eszti_wp\/?s={search_term_string}"},"query-input":{"@type":"PropertyValueSpecification","valueRequired":true,"valueName":"search_term_string"}}],"inLanguage":"hu"},{"@type":"Organization","@id":"https:\/\/esztituri.hu\/eszti_wp\/#organization","name":"Eszti-Turi | pr\u00e9mium haszn\u00e1lt ruh\u00e1k | folyamatosan friss\u00fcl\u0151 \u00e1ruk\u00e9szlet","url":"https:\/\/esztituri.hu\/eszti_wp\/","logo":{"@type":"ImageObject","inLanguage":"hu","@id":"https:\/\/esztituri.hu\/eszti_wp\/#\/schema\/logo\/image\/","url":"https:\/\/esztituri.hu\/eszti_wp\/wp-content\/uploads\/2023\/03\/Eszti-turi-logo.png","contentUrl":"https:\/\/esztituri.hu\/eszti_wp\/wp-content\/uploads\/2023\/03\/Eszti-turi-logo.png","width":1024,"height":1024,"caption":"Eszti-Turi | pr\u00e9mium haszn\u00e1lt ruh\u00e1k | folyamatosan friss\u00fcl\u0151 \u00e1ruk\u00e9szlet"},"image":{"@id":"https:\/\/esztituri.hu\/eszti_wp\/#\/schema\/logo\/image\/"},"sameAs":["https:\/\/www.facebook.com\/groups\/1058158977911571"]}]},"product_price_amount":"1790","product_price_currency":"HUF","og_availability":"instock","product_availability":"instock","product_retailer_item_id":"PL36R","product_condition":"new"},"_links":{"self":[{"href":"https:\/\/esztituri.hu\/eszti_wp\/wp-json\/wp\/v2\/product\/10115","targetHints":{"allow":["GET"]}}],"collection":[{"href":"https:\/\/esztituri.hu\/eszti_wp\/wp-json\/wp\/v2\/product"}],"about":[{"href":"https:\/\/esztituri.hu\/eszti_wp\/wp-json\/wp\/v2\/types\/product"}],"wp:featuredmedia":[{"embeddable":true,"href":"https:\/\/esztituri.hu\/eszti_wp\/wp-json\/wp\/v2\/media\/10097"}],"wp:attachment":[{"href":"https:\/\/esztituri.hu\/eszti_wp\/wp-json\/wp\/v2\/media?parent=10115"}],"wp:term":[{"taxonomy":"product_brand","embeddable":true,"href":"https:\/\/esztituri.hu\/eszti_wp\/wp-json\/wp\/v2\/product_brand?post=10115"},{"taxonomy":"product_cat","embeddable":true,"href":"https:\/\/esztituri.hu\/eszti_wp\/wp-json\/wp\/v2\/product_cat?post=10115"},{"taxonomy":"product_tag","embeddable":true,"href":"https:\/\/esztituri.hu\/eszti_wp\/wp-json\/wp\/v2\/product_tag?post=10115"}],"curies":[{"name":"wp","href":"https:\/\/api.w.org\/{rel}","templated":true}]}}