{"id":10155,"date":"2026-04-01T22:20:59","date_gmt":"2026-04-01T20:20:59","guid":{"rendered":"https:\/\/esztituri.hu\/eszti_wp\/?post_type=product&#038;p=10155"},"modified":"2026-04-01T22:20:59","modified_gmt":"2026-04-01T20:20:59","slug":"eugen-klein-viragos-felso-m-l","status":"publish","type":"product","link":"https:\/\/esztituri.hu\/eszti_wp\/termek\/eugen-klein-viragos-felso-m-l\/","title":{"rendered":"Eugen Klein vir\u00e1gos fels\u0151 (M\/L)"},"content":{"rendered":"","protected":false},"excerpt":{"rendered":"<p><strong>Sz\u00ednes vir\u00e1gos fels\u0151.<\/strong><\/p>\n<p>40\/42, M\/L m\u00e9ret<\/p>\n<ul>\n<li>mellb\u0151s\u00e9g: 45-50 cm x2<\/li>\n<li>hossz: 60 cm<\/li>\n<li>anyag\u00f6sszet\u00e9tel: 95% viszk\u00f3z, 5% elaszt\u00e1n<\/li>\n<\/ul>\n","protected":false},"featured_media":10157,"template":"","meta":[],"product_brand":[],"product_cat":[35],"product_tag":[232,1740,326,295,92],"class_list":{"0":"post-10155","1":"product","2":"type-product","3":"status-publish","4":"has-post-thumbnail","6":"product_cat-polo-felso","7":"product_tag-40-42","8":"product_tag-eugen-klein","9":"product_tag-felso","10":"product_tag-m-l","11":"product_tag-viragos","13":"first","14":"instock","15":"sold-individually","16":"shipping-taxable","17":"purchasable","18":"product-type-simple"},"yoast_head":"<!-- This site is optimized with the Yoast SEO Premium plugin v27.3 (Yoast SEO v27.3) - https:\/\/yoast.com\/product\/yoast-seo-premium-wordpress\/ -->\n<title>Eugen Klein vir\u00e1gos fels\u0151 (M\/L) | Eszti-Turi | pr\u00e9mium haszn\u00e1lt ruh\u00e1k | folyamatosan friss\u00fcl\u0151 \u00e1ruk\u00e9szlet<\/title>\n<meta name=\"robots\" content=\"noindex, follow\" \/>\n<meta property=\"og:locale\" content=\"hu_HU\" \/>\n<meta property=\"og:type\" content=\"article\" \/>\n<meta property=\"og:title\" content=\"Eugen Klein vir\u00e1gos fels\u0151 (M\/L)\" \/>\n<meta property=\"og:description\" content=\"Sz\u00ednes vir\u00e1gos fels\u0151.  40\/42, M\/L m\u00e9ret   mellb\u0151s\u00e9g: 45-50 cm x2  hossz: 60 cm  anyag\u00f6sszet\u00e9tel: 95% viszk\u00f3z, 5% elaszt\u00e1n\" \/>\n<meta property=\"og:url\" content=\"https:\/\/esztituri.hu\/eszti_wp\/termek\/eugen-klein-viragos-felso-m-l\/\" \/>\n<meta property=\"og:site_name\" content=\"Eszti-Turi | pr\u00e9mium haszn\u00e1lt ruh\u00e1k | folyamatosan friss\u00fcl\u0151 \u00e1ruk\u00e9szlet\" \/>\n<meta property=\"article:publisher\" content=\"https:\/\/www.facebook.com\/groups\/1058158977911571\" \/>\n<meta property=\"og:image\" content=\"https:\/\/esztituri.hu\/eszti_wp\/wp-content\/uploads\/2026\/04\/JRCB7961.png\" \/>\n\t<meta property=\"og:image:width\" content=\"1024\" \/>\n\t<meta property=\"og:image:height\" content=\"1536\" \/>\n\t<meta property=\"og:image:type\" content=\"image\/png\" \/>\n<meta name=\"twitter:card\" content=\"summary_large_image\" \/>\n<meta name=\"twitter:label1\" content=\"\u00c1r\" \/>\n\t<meta name=\"twitter:data1\" content=\"2.490&nbsp;&#070;&#116;\" \/>\n\t<meta name=\"twitter:label2\" content=\"El\u00e9rhet\u0151s\u00e9g\" \/>\n\t<meta name=\"twitter:data2\" content=\"K\u00e9szleten\" \/>\n<script type=\"application\/ld+json\" class=\"yoast-schema-graph\">{\"@context\":\"https:\\\/\\\/schema.org\",\"@graph\":[{\"@type\":\"WebPage\",\"@id\":\"https:\\\/\\\/esztituri.hu\\\/eszti_wp\\\/termek\\\/eugen-klein-viragos-felso-m-l\\\/\",\"url\":\"https:\\\/\\\/esztituri.hu\\\/eszti_wp\\\/termek\\\/eugen-klein-viragos-felso-m-l\\\/\",\"name\":\"Eugen Klein vir\u00e1gos fels\u0151 (M\\\/L) | Eszti-Turi | pr\u00e9mium haszn\u00e1lt ruh\u00e1k | folyamatosan friss\u00fcl\u0151 \u00e1ruk\u00e9szlet\",\"isPartOf\":{\"@id\":\"https:\\\/\\\/esztituri.hu\\\/eszti_wp\\\/#website\"},\"primaryImageOfPage\":{\"@id\":\"https:\\\/\\\/esztituri.hu\\\/eszti_wp\\\/termek\\\/eugen-klein-viragos-felso-m-l\\\/#primaryimage\"},\"image\":{\"@id\":\"https:\\\/\\\/esztituri.hu\\\/eszti_wp\\\/termek\\\/eugen-klein-viragos-felso-m-l\\\/#primaryimage\"},\"thumbnailUrl\":\"https:\\\/\\\/esztituri.hu\\\/eszti_wp\\\/wp-content\\\/uploads\\\/2026\\\/04\\\/JRCB7961.png\",\"datePublished\":\"2026-04-01T20:20:59+00:00\",\"breadcrumb\":{\"@id\":\"https:\\\/\\\/esztituri.hu\\\/eszti_wp\\\/termek\\\/eugen-klein-viragos-felso-m-l\\\/#breadcrumb\"},\"inLanguage\":\"hu\",\"potentialAction\":[{\"@type\":\"ReadAction\",\"target\":[\"https:\\\/\\\/esztituri.hu\\\/eszti_wp\\\/termek\\\/eugen-klein-viragos-felso-m-l\\\/\"]}]},{\"@type\":\"ImageObject\",\"inLanguage\":\"hu\",\"@id\":\"https:\\\/\\\/esztituri.hu\\\/eszti_wp\\\/termek\\\/eugen-klein-viragos-felso-m-l\\\/#primaryimage\",\"url\":\"https:\\\/\\\/esztituri.hu\\\/eszti_wp\\\/wp-content\\\/uploads\\\/2026\\\/04\\\/JRCB7961.png\",\"contentUrl\":\"https:\\\/\\\/esztituri.hu\\\/eszti_wp\\\/wp-content\\\/uploads\\\/2026\\\/04\\\/JRCB7961.png\",\"width\":1024,\"height\":1536},{\"@type\":\"BreadcrumbList\",\"@id\":\"https:\\\/\\\/esztituri.hu\\\/eszti_wp\\\/termek\\\/eugen-klein-viragos-felso-m-l\\\/#breadcrumb\",\"itemListElement\":[{\"@type\":\"ListItem\",\"position\":1,\"name\":\"Kezd\u0151lap\",\"item\":\"https:\\\/\\\/esztituri.hu\\\/eszti_wp\\\/\"},{\"@type\":\"ListItem\",\"position\":2,\"name\":\"Webshop\",\"item\":\"https:\\\/\\\/esztituri.hu\\\/eszti_wp\\\/webshop\\\/\"},{\"@type\":\"ListItem\",\"position\":3,\"name\":\"Eugen Klein vir\u00e1gos fels\u0151 (M\\\/L)\"}]},{\"@type\":\"WebSite\",\"@id\":\"https:\\\/\\\/esztituri.hu\\\/eszti_wp\\\/#website\",\"url\":\"https:\\\/\\\/esztituri.hu\\\/eszti_wp\\\/\",\"name\":\"Eszti-Turi | pr\u00e9mium haszn\u00e1lt ruh\u00e1k | folyamatosan friss\u00fcl\u0151 \u00e1ruk\u00e9szlet\",\"description\":\"Pr\u00e9mium haszn\u00e1lt ruh\u00e1k\",\"publisher\":{\"@id\":\"https:\\\/\\\/esztituri.hu\\\/eszti_wp\\\/#organization\"},\"potentialAction\":[{\"@type\":\"SearchAction\",\"target\":{\"@type\":\"EntryPoint\",\"urlTemplate\":\"https:\\\/\\\/esztituri.hu\\\/eszti_wp\\\/?s={search_term_string}\"},\"query-input\":{\"@type\":\"PropertyValueSpecification\",\"valueRequired\":true,\"valueName\":\"search_term_string\"}}],\"inLanguage\":\"hu\"},{\"@type\":\"Organization\",\"@id\":\"https:\\\/\\\/esztituri.hu\\\/eszti_wp\\\/#organization\",\"name\":\"Eszti-Turi | pr\u00e9mium haszn\u00e1lt ruh\u00e1k | folyamatosan friss\u00fcl\u0151 \u00e1ruk\u00e9szlet\",\"url\":\"https:\\\/\\\/esztituri.hu\\\/eszti_wp\\\/\",\"logo\":{\"@type\":\"ImageObject\",\"inLanguage\":\"hu\",\"@id\":\"https:\\\/\\\/esztituri.hu\\\/eszti_wp\\\/#\\\/schema\\\/logo\\\/image\\\/\",\"url\":\"https:\\\/\\\/esztituri.hu\\\/eszti_wp\\\/wp-content\\\/uploads\\\/2023\\\/03\\\/Eszti-turi-logo.png\",\"contentUrl\":\"https:\\\/\\\/esztituri.hu\\\/eszti_wp\\\/wp-content\\\/uploads\\\/2023\\\/03\\\/Eszti-turi-logo.png\",\"width\":1024,\"height\":1024,\"caption\":\"Eszti-Turi | pr\u00e9mium haszn\u00e1lt ruh\u00e1k | folyamatosan friss\u00fcl\u0151 \u00e1ruk\u00e9szlet\"},\"image\":{\"@id\":\"https:\\\/\\\/esztituri.hu\\\/eszti_wp\\\/#\\\/schema\\\/logo\\\/image\\\/\"},\"sameAs\":[\"https:\\\/\\\/www.facebook.com\\\/groups\\\/1058158977911571\"]}]}<\/script>\n<meta property=\"product:price:amount\" content=\"2490\" \/>\n<meta property=\"product:price:currency\" content=\"HUF\" \/>\n<meta property=\"og:availability\" content=\"instock\" \/>\n<meta property=\"product:availability\" content=\"instock\" \/>\n<meta property=\"product:retailer_item_id\" content=\"EK40F\" \/>\n<meta property=\"product:condition\" content=\"new\" \/>\n<!-- \/ Yoast SEO Premium plugin. -->","yoast_head_json":{"title":"Eugen Klein vir\u00e1gos fels\u0151 (M\/L) | Eszti-Turi | pr\u00e9mium haszn\u00e1lt ruh\u00e1k | folyamatosan friss\u00fcl\u0151 \u00e1ruk\u00e9szlet","robots":{"index":"noindex","follow":"follow"},"og_locale":"hu_HU","og_type":"article","og_title":"Eugen Klein vir\u00e1gos fels\u0151 (M\/L)","og_description":"Sz\u00ednes vir\u00e1gos fels\u0151.  40\/42, M\/L m\u00e9ret   mellb\u0151s\u00e9g: 45-50 cm x2  hossz: 60 cm  anyag\u00f6sszet\u00e9tel: 95% viszk\u00f3z, 5% elaszt\u00e1n","og_url":"https:\/\/esztituri.hu\/eszti_wp\/termek\/eugen-klein-viragos-felso-m-l\/","og_site_name":"Eszti-Turi | pr\u00e9mium haszn\u00e1lt ruh\u00e1k | folyamatosan friss\u00fcl\u0151 \u00e1ruk\u00e9szlet","article_publisher":"https:\/\/www.facebook.com\/groups\/1058158977911571","og_image":[{"width":1024,"height":1536,"url":"https:\/\/esztituri.hu\/eszti_wp\/wp-content\/uploads\/2026\/04\/JRCB7961.png","type":"image\/png"}],"twitter_card":"summary_large_image","twitter_misc":{"\u00c1r":"2.490&nbsp;&#70;&#116;","El\u00e9rhet\u0151s\u00e9g":"K\u00e9szleten"},"schema":{"@context":"https:\/\/schema.org","@graph":[{"@type":"WebPage","@id":"https:\/\/esztituri.hu\/eszti_wp\/termek\/eugen-klein-viragos-felso-m-l\/","url":"https:\/\/esztituri.hu\/eszti_wp\/termek\/eugen-klein-viragos-felso-m-l\/","name":"Eugen Klein vir\u00e1gos fels\u0151 (M\/L) | Eszti-Turi | pr\u00e9mium haszn\u00e1lt ruh\u00e1k | folyamatosan friss\u00fcl\u0151 \u00e1ruk\u00e9szlet","isPartOf":{"@id":"https:\/\/esztituri.hu\/eszti_wp\/#website"},"primaryImageOfPage":{"@id":"https:\/\/esztituri.hu\/eszti_wp\/termek\/eugen-klein-viragos-felso-m-l\/#primaryimage"},"image":{"@id":"https:\/\/esztituri.hu\/eszti_wp\/termek\/eugen-klein-viragos-felso-m-l\/#primaryimage"},"thumbnailUrl":"https:\/\/esztituri.hu\/eszti_wp\/wp-content\/uploads\/2026\/04\/JRCB7961.png","datePublished":"2026-04-01T20:20:59+00:00","breadcrumb":{"@id":"https:\/\/esztituri.hu\/eszti_wp\/termek\/eugen-klein-viragos-felso-m-l\/#breadcrumb"},"inLanguage":"hu","potentialAction":[{"@type":"ReadAction","target":["https:\/\/esztituri.hu\/eszti_wp\/termek\/eugen-klein-viragos-felso-m-l\/"]}]},{"@type":"ImageObject","inLanguage":"hu","@id":"https:\/\/esztituri.hu\/eszti_wp\/termek\/eugen-klein-viragos-felso-m-l\/#primaryimage","url":"https:\/\/esztituri.hu\/eszti_wp\/wp-content\/uploads\/2026\/04\/JRCB7961.png","contentUrl":"https:\/\/esztituri.hu\/eszti_wp\/wp-content\/uploads\/2026\/04\/JRCB7961.png","width":1024,"height":1536},{"@type":"BreadcrumbList","@id":"https:\/\/esztituri.hu\/eszti_wp\/termek\/eugen-klein-viragos-felso-m-l\/#breadcrumb","itemListElement":[{"@type":"ListItem","position":1,"name":"Kezd\u0151lap","item":"https:\/\/esztituri.hu\/eszti_wp\/"},{"@type":"ListItem","position":2,"name":"Webshop","item":"https:\/\/esztituri.hu\/eszti_wp\/webshop\/"},{"@type":"ListItem","position":3,"name":"Eugen Klein vir\u00e1gos fels\u0151 (M\/L)"}]},{"@type":"WebSite","@id":"https:\/\/esztituri.hu\/eszti_wp\/#website","url":"https:\/\/esztituri.hu\/eszti_wp\/","name":"Eszti-Turi | pr\u00e9mium haszn\u00e1lt ruh\u00e1k | folyamatosan friss\u00fcl\u0151 \u00e1ruk\u00e9szlet","description":"Pr\u00e9mium haszn\u00e1lt ruh\u00e1k","publisher":{"@id":"https:\/\/esztituri.hu\/eszti_wp\/#organization"},"potentialAction":[{"@type":"SearchAction","target":{"@type":"EntryPoint","urlTemplate":"https:\/\/esztituri.hu\/eszti_wp\/?s={search_term_string}"},"query-input":{"@type":"PropertyValueSpecification","valueRequired":true,"valueName":"search_term_string"}}],"inLanguage":"hu"},{"@type":"Organization","@id":"https:\/\/esztituri.hu\/eszti_wp\/#organization","name":"Eszti-Turi | pr\u00e9mium haszn\u00e1lt ruh\u00e1k | folyamatosan friss\u00fcl\u0151 \u00e1ruk\u00e9szlet","url":"https:\/\/esztituri.hu\/eszti_wp\/","logo":{"@type":"ImageObject","inLanguage":"hu","@id":"https:\/\/esztituri.hu\/eszti_wp\/#\/schema\/logo\/image\/","url":"https:\/\/esztituri.hu\/eszti_wp\/wp-content\/uploads\/2023\/03\/Eszti-turi-logo.png","contentUrl":"https:\/\/esztituri.hu\/eszti_wp\/wp-content\/uploads\/2023\/03\/Eszti-turi-logo.png","width":1024,"height":1024,"caption":"Eszti-Turi | pr\u00e9mium haszn\u00e1lt ruh\u00e1k | folyamatosan friss\u00fcl\u0151 \u00e1ruk\u00e9szlet"},"image":{"@id":"https:\/\/esztituri.hu\/eszti_wp\/#\/schema\/logo\/image\/"},"sameAs":["https:\/\/www.facebook.com\/groups\/1058158977911571"]}]},"product_price_amount":"2490","product_price_currency":"HUF","og_availability":"instock","product_availability":"instock","product_retailer_item_id":"EK40F","product_condition":"new"},"_links":{"self":[{"href":"https:\/\/esztituri.hu\/eszti_wp\/wp-json\/wp\/v2\/product\/10155","targetHints":{"allow":["GET"]}}],"collection":[{"href":"https:\/\/esztituri.hu\/eszti_wp\/wp-json\/wp\/v2\/product"}],"about":[{"href":"https:\/\/esztituri.hu\/eszti_wp\/wp-json\/wp\/v2\/types\/product"}],"wp:featuredmedia":[{"embeddable":true,"href":"https:\/\/esztituri.hu\/eszti_wp\/wp-json\/wp\/v2\/media\/10157"}],"wp:attachment":[{"href":"https:\/\/esztituri.hu\/eszti_wp\/wp-json\/wp\/v2\/media?parent=10155"}],"wp:term":[{"taxonomy":"product_brand","embeddable":true,"href":"https:\/\/esztituri.hu\/eszti_wp\/wp-json\/wp\/v2\/product_brand?post=10155"},{"taxonomy":"product_cat","embeddable":true,"href":"https:\/\/esztituri.hu\/eszti_wp\/wp-json\/wp\/v2\/product_cat?post=10155"},{"taxonomy":"product_tag","embeddable":true,"href":"https:\/\/esztituri.hu\/eszti_wp\/wp-json\/wp\/v2\/product_tag?post=10155"}],"curies":[{"name":"wp","href":"https:\/\/api.w.org\/{rel}","templated":true}]}}