{"id":10281,"date":"2026-04-07T22:04:48","date_gmt":"2026-04-07T20:04:48","guid":{"rendered":"https:\/\/esztituri.hu\/eszti_wp\/?post_type=product&#038;p=10281"},"modified":"2026-04-07T22:25:30","modified_gmt":"2026-04-07T20:25:30","slug":"sportmax-code-ruha-s","status":"publish","type":"product","link":"https:\/\/esztituri.hu\/eszti_wp\/termek\/sportmax-code-ruha-s\/","title":{"rendered":"Sportmax Code ruha (S)"},"content":{"rendered":"","protected":false},"excerpt":{"rendered":"<p><strong>Csokol\u00e1d\u00e9barna ruha.<\/strong><\/p>\n<p>36\/S m\u00e9ret (M-re is j\u00f3)<\/p>\n<ul>\n<li>mellb\u0151s\u00e9g: 40 cm x2<\/li>\n<li>hossz: 93 cm<\/li>\n<li>anyag\u00f6sszet\u00e9tel: 100% pamut<\/li>\n<\/ul>\n<p>&nbsp;<\/p>\n","protected":false},"featured_media":10289,"template":"","meta":[],"product_brand":[],"product_cat":[36],"product_tag":[99,412,21,260,634],"class_list":{"0":"post-10281","1":"product","2":"type-product","3":"status-publish","4":"has-post-thumbnail","6":"product_cat-ruha","7":"product_tag-99","8":"product_tag-barna","9":"product_tag-ruha","10":"product_tag-s","11":"product_tag-sportmax-code","13":"first","14":"instock","15":"sold-individually","16":"shipping-taxable","17":"purchasable","18":"product-type-simple"},"yoast_head":"<!-- This site is optimized with the Yoast SEO Premium plugin v27.3 (Yoast SEO v27.3) - https:\/\/yoast.com\/product\/yoast-seo-premium-wordpress\/ -->\n<title>Sportmax Code ruha (S) | Eszti-Turi | pr\u00e9mium haszn\u00e1lt ruh\u00e1k | folyamatosan friss\u00fcl\u0151 \u00e1ruk\u00e9szlet<\/title>\n<meta name=\"robots\" content=\"noindex, follow\" \/>\n<meta property=\"og:locale\" content=\"hu_HU\" \/>\n<meta property=\"og:type\" content=\"article\" \/>\n<meta property=\"og:title\" content=\"Sportmax Code ruha (S)\" \/>\n<meta property=\"og:description\" content=\"Csokol\u00e1d\u00e9barna ruha.  36\/S m\u00e9ret (M-re is j\u00f3)   mellb\u0151s\u00e9g: 40 cm x2  hossz: 93 cm  anyag\u00f6sszet\u00e9tel: 100% pamut  &nbsp;\" \/>\n<meta property=\"og:url\" content=\"https:\/\/esztituri.hu\/eszti_wp\/termek\/sportmax-code-ruha-s\/\" \/>\n<meta property=\"og:site_name\" content=\"Eszti-Turi | pr\u00e9mium haszn\u00e1lt ruh\u00e1k | folyamatosan friss\u00fcl\u0151 \u00e1ruk\u00e9szlet\" \/>\n<meta property=\"article:publisher\" content=\"https:\/\/www.facebook.com\/groups\/1058158977911571\" \/>\n<meta property=\"article:modified_time\" content=\"2026-04-07T20:25:30+00:00\" \/>\n<meta property=\"og:image\" content=\"https:\/\/esztituri.hu\/eszti_wp\/wp-content\/uploads\/2026\/04\/SXRH0587.png\" \/>\n\t<meta property=\"og:image:width\" content=\"1024\" \/>\n\t<meta property=\"og:image:height\" content=\"1536\" \/>\n\t<meta property=\"og:image:type\" content=\"image\/png\" \/>\n<meta name=\"twitter:card\" content=\"summary_large_image\" \/>\n<meta name=\"twitter:label1\" content=\"\u00c1r\" \/>\n\t<meta name=\"twitter:data1\" content=\"2.990&nbsp;&#070;&#116;\" \/>\n\t<meta name=\"twitter:label2\" content=\"El\u00e9rhet\u0151s\u00e9g\" \/>\n\t<meta name=\"twitter:data2\" content=\"K\u00e9szleten\" \/>\n<script type=\"application\/ld+json\" class=\"yoast-schema-graph\">{\"@context\":\"https:\\\/\\\/schema.org\",\"@graph\":[{\"@type\":\"WebPage\",\"@id\":\"https:\\\/\\\/esztituri.hu\\\/eszti_wp\\\/termek\\\/sportmax-code-ruha-s\\\/\",\"url\":\"https:\\\/\\\/esztituri.hu\\\/eszti_wp\\\/termek\\\/sportmax-code-ruha-s\\\/\",\"name\":\"Sportmax Code ruha (S) | Eszti-Turi | pr\u00e9mium haszn\u00e1lt ruh\u00e1k | folyamatosan friss\u00fcl\u0151 \u00e1ruk\u00e9szlet\",\"isPartOf\":{\"@id\":\"https:\\\/\\\/esztituri.hu\\\/eszti_wp\\\/#website\"},\"primaryImageOfPage\":{\"@id\":\"https:\\\/\\\/esztituri.hu\\\/eszti_wp\\\/termek\\\/sportmax-code-ruha-s\\\/#primaryimage\"},\"image\":{\"@id\":\"https:\\\/\\\/esztituri.hu\\\/eszti_wp\\\/termek\\\/sportmax-code-ruha-s\\\/#primaryimage\"},\"thumbnailUrl\":\"https:\\\/\\\/esztituri.hu\\\/eszti_wp\\\/wp-content\\\/uploads\\\/2026\\\/04\\\/SXRH0587.png\",\"datePublished\":\"2026-04-07T20:04:48+00:00\",\"dateModified\":\"2026-04-07T20:25:30+00:00\",\"breadcrumb\":{\"@id\":\"https:\\\/\\\/esztituri.hu\\\/eszti_wp\\\/termek\\\/sportmax-code-ruha-s\\\/#breadcrumb\"},\"inLanguage\":\"hu\",\"potentialAction\":[{\"@type\":\"ReadAction\",\"target\":[\"https:\\\/\\\/esztituri.hu\\\/eszti_wp\\\/termek\\\/sportmax-code-ruha-s\\\/\"]}]},{\"@type\":\"ImageObject\",\"inLanguage\":\"hu\",\"@id\":\"https:\\\/\\\/esztituri.hu\\\/eszti_wp\\\/termek\\\/sportmax-code-ruha-s\\\/#primaryimage\",\"url\":\"https:\\\/\\\/esztituri.hu\\\/eszti_wp\\\/wp-content\\\/uploads\\\/2026\\\/04\\\/SXRH0587.png\",\"contentUrl\":\"https:\\\/\\\/esztituri.hu\\\/eszti_wp\\\/wp-content\\\/uploads\\\/2026\\\/04\\\/SXRH0587.png\",\"width\":1024,\"height\":1536},{\"@type\":\"BreadcrumbList\",\"@id\":\"https:\\\/\\\/esztituri.hu\\\/eszti_wp\\\/termek\\\/sportmax-code-ruha-s\\\/#breadcrumb\",\"itemListElement\":[{\"@type\":\"ListItem\",\"position\":1,\"name\":\"Kezd\u0151lap\",\"item\":\"https:\\\/\\\/esztituri.hu\\\/eszti_wp\\\/\"},{\"@type\":\"ListItem\",\"position\":2,\"name\":\"Webshop\",\"item\":\"https:\\\/\\\/esztituri.hu\\\/eszti_wp\\\/webshop\\\/\"},{\"@type\":\"ListItem\",\"position\":3,\"name\":\"Sportmax Code ruha (S)\"}]},{\"@type\":\"WebSite\",\"@id\":\"https:\\\/\\\/esztituri.hu\\\/eszti_wp\\\/#website\",\"url\":\"https:\\\/\\\/esztituri.hu\\\/eszti_wp\\\/\",\"name\":\"Eszti-Turi | pr\u00e9mium haszn\u00e1lt ruh\u00e1k | folyamatosan friss\u00fcl\u0151 \u00e1ruk\u00e9szlet\",\"description\":\"Pr\u00e9mium haszn\u00e1lt ruh\u00e1k\",\"publisher\":{\"@id\":\"https:\\\/\\\/esztituri.hu\\\/eszti_wp\\\/#organization\"},\"potentialAction\":[{\"@type\":\"SearchAction\",\"target\":{\"@type\":\"EntryPoint\",\"urlTemplate\":\"https:\\\/\\\/esztituri.hu\\\/eszti_wp\\\/?s={search_term_string}\"},\"query-input\":{\"@type\":\"PropertyValueSpecification\",\"valueRequired\":true,\"valueName\":\"search_term_string\"}}],\"inLanguage\":\"hu\"},{\"@type\":\"Organization\",\"@id\":\"https:\\\/\\\/esztituri.hu\\\/eszti_wp\\\/#organization\",\"name\":\"Eszti-Turi | pr\u00e9mium haszn\u00e1lt ruh\u00e1k | folyamatosan friss\u00fcl\u0151 \u00e1ruk\u00e9szlet\",\"url\":\"https:\\\/\\\/esztituri.hu\\\/eszti_wp\\\/\",\"logo\":{\"@type\":\"ImageObject\",\"inLanguage\":\"hu\",\"@id\":\"https:\\\/\\\/esztituri.hu\\\/eszti_wp\\\/#\\\/schema\\\/logo\\\/image\\\/\",\"url\":\"https:\\\/\\\/esztituri.hu\\\/eszti_wp\\\/wp-content\\\/uploads\\\/2023\\\/03\\\/Eszti-turi-logo.png\",\"contentUrl\":\"https:\\\/\\\/esztituri.hu\\\/eszti_wp\\\/wp-content\\\/uploads\\\/2023\\\/03\\\/Eszti-turi-logo.png\",\"width\":1024,\"height\":1024,\"caption\":\"Eszti-Turi | pr\u00e9mium haszn\u00e1lt ruh\u00e1k | folyamatosan friss\u00fcl\u0151 \u00e1ruk\u00e9szlet\"},\"image\":{\"@id\":\"https:\\\/\\\/esztituri.hu\\\/eszti_wp\\\/#\\\/schema\\\/logo\\\/image\\\/\"},\"sameAs\":[\"https:\\\/\\\/www.facebook.com\\\/groups\\\/1058158977911571\"]}]}<\/script>\n<meta property=\"product:price:amount\" content=\"2990\" \/>\n<meta property=\"product:price:currency\" content=\"HUF\" \/>\n<meta property=\"og:availability\" content=\"instock\" \/>\n<meta property=\"product:availability\" content=\"instock\" \/>\n<meta property=\"product:retailer_item_id\" content=\"SP36C\" \/>\n<meta property=\"product:condition\" content=\"new\" \/>\n<!-- \/ Yoast SEO Premium plugin. -->","yoast_head_json":{"title":"Sportmax Code ruha (S) | Eszti-Turi | pr\u00e9mium haszn\u00e1lt ruh\u00e1k | folyamatosan friss\u00fcl\u0151 \u00e1ruk\u00e9szlet","robots":{"index":"noindex","follow":"follow"},"og_locale":"hu_HU","og_type":"article","og_title":"Sportmax Code ruha (S)","og_description":"Csokol\u00e1d\u00e9barna ruha.  36\/S m\u00e9ret (M-re is j\u00f3)   mellb\u0151s\u00e9g: 40 cm x2  hossz: 93 cm  anyag\u00f6sszet\u00e9tel: 100% pamut  &nbsp;","og_url":"https:\/\/esztituri.hu\/eszti_wp\/termek\/sportmax-code-ruha-s\/","og_site_name":"Eszti-Turi | pr\u00e9mium haszn\u00e1lt ruh\u00e1k | folyamatosan friss\u00fcl\u0151 \u00e1ruk\u00e9szlet","article_publisher":"https:\/\/www.facebook.com\/groups\/1058158977911571","article_modified_time":"2026-04-07T20:25:30+00:00","og_image":[{"width":1024,"height":1536,"url":"https:\/\/esztituri.hu\/eszti_wp\/wp-content\/uploads\/2026\/04\/SXRH0587.png","type":"image\/png"}],"twitter_card":"summary_large_image","twitter_misc":{"\u00c1r":"2.990&nbsp;&#70;&#116;","El\u00e9rhet\u0151s\u00e9g":"K\u00e9szleten"},"schema":{"@context":"https:\/\/schema.org","@graph":[{"@type":"WebPage","@id":"https:\/\/esztituri.hu\/eszti_wp\/termek\/sportmax-code-ruha-s\/","url":"https:\/\/esztituri.hu\/eszti_wp\/termek\/sportmax-code-ruha-s\/","name":"Sportmax Code ruha (S) | Eszti-Turi | pr\u00e9mium haszn\u00e1lt ruh\u00e1k | folyamatosan friss\u00fcl\u0151 \u00e1ruk\u00e9szlet","isPartOf":{"@id":"https:\/\/esztituri.hu\/eszti_wp\/#website"},"primaryImageOfPage":{"@id":"https:\/\/esztituri.hu\/eszti_wp\/termek\/sportmax-code-ruha-s\/#primaryimage"},"image":{"@id":"https:\/\/esztituri.hu\/eszti_wp\/termek\/sportmax-code-ruha-s\/#primaryimage"},"thumbnailUrl":"https:\/\/esztituri.hu\/eszti_wp\/wp-content\/uploads\/2026\/04\/SXRH0587.png","datePublished":"2026-04-07T20:04:48+00:00","dateModified":"2026-04-07T20:25:30+00:00","breadcrumb":{"@id":"https:\/\/esztituri.hu\/eszti_wp\/termek\/sportmax-code-ruha-s\/#breadcrumb"},"inLanguage":"hu","potentialAction":[{"@type":"ReadAction","target":["https:\/\/esztituri.hu\/eszti_wp\/termek\/sportmax-code-ruha-s\/"]}]},{"@type":"ImageObject","inLanguage":"hu","@id":"https:\/\/esztituri.hu\/eszti_wp\/termek\/sportmax-code-ruha-s\/#primaryimage","url":"https:\/\/esztituri.hu\/eszti_wp\/wp-content\/uploads\/2026\/04\/SXRH0587.png","contentUrl":"https:\/\/esztituri.hu\/eszti_wp\/wp-content\/uploads\/2026\/04\/SXRH0587.png","width":1024,"height":1536},{"@type":"BreadcrumbList","@id":"https:\/\/esztituri.hu\/eszti_wp\/termek\/sportmax-code-ruha-s\/#breadcrumb","itemListElement":[{"@type":"ListItem","position":1,"name":"Kezd\u0151lap","item":"https:\/\/esztituri.hu\/eszti_wp\/"},{"@type":"ListItem","position":2,"name":"Webshop","item":"https:\/\/esztituri.hu\/eszti_wp\/webshop\/"},{"@type":"ListItem","position":3,"name":"Sportmax Code ruha (S)"}]},{"@type":"WebSite","@id":"https:\/\/esztituri.hu\/eszti_wp\/#website","url":"https:\/\/esztituri.hu\/eszti_wp\/","name":"Eszti-Turi | pr\u00e9mium haszn\u00e1lt ruh\u00e1k | folyamatosan friss\u00fcl\u0151 \u00e1ruk\u00e9szlet","description":"Pr\u00e9mium haszn\u00e1lt ruh\u00e1k","publisher":{"@id":"https:\/\/esztituri.hu\/eszti_wp\/#organization"},"potentialAction":[{"@type":"SearchAction","target":{"@type":"EntryPoint","urlTemplate":"https:\/\/esztituri.hu\/eszti_wp\/?s={search_term_string}"},"query-input":{"@type":"PropertyValueSpecification","valueRequired":true,"valueName":"search_term_string"}}],"inLanguage":"hu"},{"@type":"Organization","@id":"https:\/\/esztituri.hu\/eszti_wp\/#organization","name":"Eszti-Turi | pr\u00e9mium haszn\u00e1lt ruh\u00e1k | folyamatosan friss\u00fcl\u0151 \u00e1ruk\u00e9szlet","url":"https:\/\/esztituri.hu\/eszti_wp\/","logo":{"@type":"ImageObject","inLanguage":"hu","@id":"https:\/\/esztituri.hu\/eszti_wp\/#\/schema\/logo\/image\/","url":"https:\/\/esztituri.hu\/eszti_wp\/wp-content\/uploads\/2023\/03\/Eszti-turi-logo.png","contentUrl":"https:\/\/esztituri.hu\/eszti_wp\/wp-content\/uploads\/2023\/03\/Eszti-turi-logo.png","width":1024,"height":1024,"caption":"Eszti-Turi | pr\u00e9mium haszn\u00e1lt ruh\u00e1k | folyamatosan friss\u00fcl\u0151 \u00e1ruk\u00e9szlet"},"image":{"@id":"https:\/\/esztituri.hu\/eszti_wp\/#\/schema\/logo\/image\/"},"sameAs":["https:\/\/www.facebook.com\/groups\/1058158977911571"]}]},"product_price_amount":"2990","product_price_currency":"HUF","og_availability":"instock","product_availability":"instock","product_retailer_item_id":"SP36C","product_condition":"new"},"_links":{"self":[{"href":"https:\/\/esztituri.hu\/eszti_wp\/wp-json\/wp\/v2\/product\/10281","targetHints":{"allow":["GET"]}}],"collection":[{"href":"https:\/\/esztituri.hu\/eszti_wp\/wp-json\/wp\/v2\/product"}],"about":[{"href":"https:\/\/esztituri.hu\/eszti_wp\/wp-json\/wp\/v2\/types\/product"}],"wp:featuredmedia":[{"embeddable":true,"href":"https:\/\/esztituri.hu\/eszti_wp\/wp-json\/wp\/v2\/media\/10289"}],"wp:attachment":[{"href":"https:\/\/esztituri.hu\/eszti_wp\/wp-json\/wp\/v2\/media?parent=10281"}],"wp:term":[{"taxonomy":"product_brand","embeddable":true,"href":"https:\/\/esztituri.hu\/eszti_wp\/wp-json\/wp\/v2\/product_brand?post=10281"},{"taxonomy":"product_cat","embeddable":true,"href":"https:\/\/esztituri.hu\/eszti_wp\/wp-json\/wp\/v2\/product_cat?post=10281"},{"taxonomy":"product_tag","embeddable":true,"href":"https:\/\/esztituri.hu\/eszti_wp\/wp-json\/wp\/v2\/product_tag?post=10281"}],"curies":[{"name":"wp","href":"https:\/\/api.w.org\/{rel}","templated":true}]}}