{"id":9815,"date":"2026-01-29T15:46:04","date_gmt":"2026-01-29T13:46:04","guid":{"rendered":"https:\/\/esztituri.hu\/eszti_wp\/?post_type=product&#038;p=9815"},"modified":"2026-04-09T15:08:57","modified_gmt":"2026-04-09T13:08:57","slug":"wallis-mintas-bluz-xl","status":"publish","type":"product","link":"https:\/\/esztituri.hu\/eszti_wp\/termek\/wallis-mintas-bluz-xl\/","title":{"rendered":"Wallis mint\u00e1s bl\u00faz (XL)"},"content":{"rendered":"","protected":false},"excerpt":{"rendered":"<p><strong>K\u00e9k-narancss\u00e1rga absztarkt mint\u00e1s k\u00f6nny\u0171 bl\u00faz.<\/strong><\/p>\n<p>48\/XL m\u00e9ret<\/p>\n<ul>\n<li>mellb\u0151s\u00e9g: 56 cm x2<\/li>\n<li>hossz: 73 cm<\/li>\n<li>anyag\u00f6sszet\u00e9tel: 100% poli\u00e9szter<\/li>\n<\/ul>\n","protected":false},"featured_media":10329,"template":"","meta":[],"product_brand":[],"product_cat":[30],"product_tag":[470,269,151,700,200],"class_list":{"0":"post-9815","1":"product","2":"type-product","3":"status-publish","4":"has-post-thumbnail","6":"product_cat-ing-bluz","7":"product_tag-470","8":"product_tag-bluz","9":"product_tag-kek","10":"product_tag-wallis","11":"product_tag-xl","13":"first","14":"instock","15":"sold-individually","16":"shipping-taxable","17":"purchasable","18":"product-type-simple"},"yoast_head":"<!-- This site is optimized with the Yoast SEO Premium plugin v27.3 (Yoast SEO v27.3) - https:\/\/yoast.com\/product\/yoast-seo-premium-wordpress\/ -->\n<title>Wallis mint\u00e1s bl\u00faz (XL) | Eszti-Turi | pr\u00e9mium haszn\u00e1lt ruh\u00e1k | folyamatosan friss\u00fcl\u0151 \u00e1ruk\u00e9szlet<\/title>\n<meta name=\"robots\" content=\"noindex, follow\" \/>\n<meta property=\"og:locale\" content=\"hu_HU\" \/>\n<meta property=\"og:type\" content=\"article\" \/>\n<meta property=\"og:title\" content=\"Wallis mint\u00e1s bl\u00faz (XL)\" \/>\n<meta property=\"og:description\" content=\"K\u00e9k-narancss\u00e1rga absztarkt mint\u00e1s k\u00f6nny\u0171 bl\u00faz.  48\/XL m\u00e9ret   mellb\u0151s\u00e9g: 56 cm x2  hossz: 73 cm  anyag\u00f6sszet\u00e9tel: 100% poli\u00e9szter\" \/>\n<meta property=\"og:url\" content=\"https:\/\/esztituri.hu\/eszti_wp\/termek\/wallis-mintas-bluz-xl\/\" \/>\n<meta property=\"og:site_name\" content=\"Eszti-Turi | pr\u00e9mium haszn\u00e1lt ruh\u00e1k | folyamatosan friss\u00fcl\u0151 \u00e1ruk\u00e9szlet\" \/>\n<meta property=\"article:publisher\" content=\"https:\/\/www.facebook.com\/groups\/1058158977911571\" \/>\n<meta property=\"article:modified_time\" content=\"2026-04-09T13:08:57+00:00\" \/>\n<meta property=\"og:image\" content=\"https:\/\/esztituri.hu\/eszti_wp\/wp-content\/uploads\/2026\/01\/TDGO4864-1.png\" \/>\n\t<meta property=\"og:image:width\" content=\"1024\" \/>\n\t<meta property=\"og:image:height\" content=\"1536\" \/>\n\t<meta property=\"og:image:type\" content=\"image\/png\" \/>\n<meta name=\"twitter:card\" content=\"summary_large_image\" \/>\n<meta name=\"twitter:label1\" content=\"\u00c1r\" \/>\n\t<meta name=\"twitter:data1\" content=\"1.990&nbsp;&#070;&#116;\" \/>\n\t<meta name=\"twitter:label2\" content=\"El\u00e9rhet\u0151s\u00e9g\" \/>\n\t<meta name=\"twitter:data2\" content=\"K\u00e9szleten\" \/>\n<script type=\"application\/ld+json\" class=\"yoast-schema-graph\">{\"@context\":\"https:\\\/\\\/schema.org\",\"@graph\":[{\"@type\":\"WebPage\",\"@id\":\"https:\\\/\\\/esztituri.hu\\\/eszti_wp\\\/termek\\\/wallis-mintas-bluz-xl\\\/\",\"url\":\"https:\\\/\\\/esztituri.hu\\\/eszti_wp\\\/termek\\\/wallis-mintas-bluz-xl\\\/\",\"name\":\"Wallis mint\u00e1s bl\u00faz (XL) | Eszti-Turi | pr\u00e9mium haszn\u00e1lt ruh\u00e1k | folyamatosan friss\u00fcl\u0151 \u00e1ruk\u00e9szlet\",\"isPartOf\":{\"@id\":\"https:\\\/\\\/esztituri.hu\\\/eszti_wp\\\/#website\"},\"primaryImageOfPage\":{\"@id\":\"https:\\\/\\\/esztituri.hu\\\/eszti_wp\\\/termek\\\/wallis-mintas-bluz-xl\\\/#primaryimage\"},\"image\":{\"@id\":\"https:\\\/\\\/esztituri.hu\\\/eszti_wp\\\/termek\\\/wallis-mintas-bluz-xl\\\/#primaryimage\"},\"thumbnailUrl\":\"https:\\\/\\\/esztituri.hu\\\/eszti_wp\\\/wp-content\\\/uploads\\\/2026\\\/01\\\/TDGO4864-1.png\",\"datePublished\":\"2026-01-29T13:46:04+00:00\",\"dateModified\":\"2026-04-09T13:08:57+00:00\",\"breadcrumb\":{\"@id\":\"https:\\\/\\\/esztituri.hu\\\/eszti_wp\\\/termek\\\/wallis-mintas-bluz-xl\\\/#breadcrumb\"},\"inLanguage\":\"hu\",\"potentialAction\":[{\"@type\":\"ReadAction\",\"target\":[\"https:\\\/\\\/esztituri.hu\\\/eszti_wp\\\/termek\\\/wallis-mintas-bluz-xl\\\/\"]}]},{\"@type\":\"ImageObject\",\"inLanguage\":\"hu\",\"@id\":\"https:\\\/\\\/esztituri.hu\\\/eszti_wp\\\/termek\\\/wallis-mintas-bluz-xl\\\/#primaryimage\",\"url\":\"https:\\\/\\\/esztituri.hu\\\/eszti_wp\\\/wp-content\\\/uploads\\\/2026\\\/01\\\/TDGO4864-1.png\",\"contentUrl\":\"https:\\\/\\\/esztituri.hu\\\/eszti_wp\\\/wp-content\\\/uploads\\\/2026\\\/01\\\/TDGO4864-1.png\",\"width\":1024,\"height\":1536},{\"@type\":\"BreadcrumbList\",\"@id\":\"https:\\\/\\\/esztituri.hu\\\/eszti_wp\\\/termek\\\/wallis-mintas-bluz-xl\\\/#breadcrumb\",\"itemListElement\":[{\"@type\":\"ListItem\",\"position\":1,\"name\":\"Kezd\u0151lap\",\"item\":\"https:\\\/\\\/esztituri.hu\\\/eszti_wp\\\/\"},{\"@type\":\"ListItem\",\"position\":2,\"name\":\"Webshop\",\"item\":\"https:\\\/\\\/esztituri.hu\\\/eszti_wp\\\/webshop\\\/\"},{\"@type\":\"ListItem\",\"position\":3,\"name\":\"Wallis mint\u00e1s bl\u00faz (XL)\"}]},{\"@type\":\"WebSite\",\"@id\":\"https:\\\/\\\/esztituri.hu\\\/eszti_wp\\\/#website\",\"url\":\"https:\\\/\\\/esztituri.hu\\\/eszti_wp\\\/\",\"name\":\"Eszti-Turi | pr\u00e9mium haszn\u00e1lt ruh\u00e1k | folyamatosan friss\u00fcl\u0151 \u00e1ruk\u00e9szlet\",\"description\":\"Pr\u00e9mium haszn\u00e1lt ruh\u00e1k\",\"publisher\":{\"@id\":\"https:\\\/\\\/esztituri.hu\\\/eszti_wp\\\/#organization\"},\"potentialAction\":[{\"@type\":\"SearchAction\",\"target\":{\"@type\":\"EntryPoint\",\"urlTemplate\":\"https:\\\/\\\/esztituri.hu\\\/eszti_wp\\\/?s={search_term_string}\"},\"query-input\":{\"@type\":\"PropertyValueSpecification\",\"valueRequired\":true,\"valueName\":\"search_term_string\"}}],\"inLanguage\":\"hu\"},{\"@type\":\"Organization\",\"@id\":\"https:\\\/\\\/esztituri.hu\\\/eszti_wp\\\/#organization\",\"name\":\"Eszti-Turi | pr\u00e9mium haszn\u00e1lt ruh\u00e1k | folyamatosan friss\u00fcl\u0151 \u00e1ruk\u00e9szlet\",\"url\":\"https:\\\/\\\/esztituri.hu\\\/eszti_wp\\\/\",\"logo\":{\"@type\":\"ImageObject\",\"inLanguage\":\"hu\",\"@id\":\"https:\\\/\\\/esztituri.hu\\\/eszti_wp\\\/#\\\/schema\\\/logo\\\/image\\\/\",\"url\":\"https:\\\/\\\/esztituri.hu\\\/eszti_wp\\\/wp-content\\\/uploads\\\/2023\\\/03\\\/Eszti-turi-logo.png\",\"contentUrl\":\"https:\\\/\\\/esztituri.hu\\\/eszti_wp\\\/wp-content\\\/uploads\\\/2023\\\/03\\\/Eszti-turi-logo.png\",\"width\":1024,\"height\":1024,\"caption\":\"Eszti-Turi | pr\u00e9mium haszn\u00e1lt ruh\u00e1k | folyamatosan friss\u00fcl\u0151 \u00e1ruk\u00e9szlet\"},\"image\":{\"@id\":\"https:\\\/\\\/esztituri.hu\\\/eszti_wp\\\/#\\\/schema\\\/logo\\\/image\\\/\"},\"sameAs\":[\"https:\\\/\\\/www.facebook.com\\\/groups\\\/1058158977911571\"]}]}<\/script>\n<meta property=\"product:price:amount\" content=\"1990\" \/>\n<meta property=\"product:price:currency\" content=\"HUF\" \/>\n<meta property=\"og:availability\" content=\"instock\" \/>\n<meta property=\"product:availability\" content=\"instock\" \/>\n<meta property=\"product:retailer_item_id\" content=\"WA48B\" \/>\n<meta property=\"product:condition\" content=\"new\" \/>\n<!-- \/ Yoast SEO Premium plugin. -->","yoast_head_json":{"title":"Wallis mint\u00e1s bl\u00faz (XL) | Eszti-Turi | pr\u00e9mium haszn\u00e1lt ruh\u00e1k | folyamatosan friss\u00fcl\u0151 \u00e1ruk\u00e9szlet","robots":{"index":"noindex","follow":"follow"},"og_locale":"hu_HU","og_type":"article","og_title":"Wallis mint\u00e1s bl\u00faz (XL)","og_description":"K\u00e9k-narancss\u00e1rga absztarkt mint\u00e1s k\u00f6nny\u0171 bl\u00faz.  48\/XL m\u00e9ret   mellb\u0151s\u00e9g: 56 cm x2  hossz: 73 cm  anyag\u00f6sszet\u00e9tel: 100% poli\u00e9szter","og_url":"https:\/\/esztituri.hu\/eszti_wp\/termek\/wallis-mintas-bluz-xl\/","og_site_name":"Eszti-Turi | pr\u00e9mium haszn\u00e1lt ruh\u00e1k | folyamatosan friss\u00fcl\u0151 \u00e1ruk\u00e9szlet","article_publisher":"https:\/\/www.facebook.com\/groups\/1058158977911571","article_modified_time":"2026-04-09T13:08:57+00:00","og_image":[{"width":1024,"height":1536,"url":"https:\/\/esztituri.hu\/eszti_wp\/wp-content\/uploads\/2026\/01\/TDGO4864-1.png","type":"image\/png"}],"twitter_card":"summary_large_image","twitter_misc":{"\u00c1r":"1.990&nbsp;&#70;&#116;","El\u00e9rhet\u0151s\u00e9g":"K\u00e9szleten"},"schema":{"@context":"https:\/\/schema.org","@graph":[{"@type":"WebPage","@id":"https:\/\/esztituri.hu\/eszti_wp\/termek\/wallis-mintas-bluz-xl\/","url":"https:\/\/esztituri.hu\/eszti_wp\/termek\/wallis-mintas-bluz-xl\/","name":"Wallis mint\u00e1s bl\u00faz (XL) | Eszti-Turi | pr\u00e9mium haszn\u00e1lt ruh\u00e1k | folyamatosan friss\u00fcl\u0151 \u00e1ruk\u00e9szlet","isPartOf":{"@id":"https:\/\/esztituri.hu\/eszti_wp\/#website"},"primaryImageOfPage":{"@id":"https:\/\/esztituri.hu\/eszti_wp\/termek\/wallis-mintas-bluz-xl\/#primaryimage"},"image":{"@id":"https:\/\/esztituri.hu\/eszti_wp\/termek\/wallis-mintas-bluz-xl\/#primaryimage"},"thumbnailUrl":"https:\/\/esztituri.hu\/eszti_wp\/wp-content\/uploads\/2026\/01\/TDGO4864-1.png","datePublished":"2026-01-29T13:46:04+00:00","dateModified":"2026-04-09T13:08:57+00:00","breadcrumb":{"@id":"https:\/\/esztituri.hu\/eszti_wp\/termek\/wallis-mintas-bluz-xl\/#breadcrumb"},"inLanguage":"hu","potentialAction":[{"@type":"ReadAction","target":["https:\/\/esztituri.hu\/eszti_wp\/termek\/wallis-mintas-bluz-xl\/"]}]},{"@type":"ImageObject","inLanguage":"hu","@id":"https:\/\/esztituri.hu\/eszti_wp\/termek\/wallis-mintas-bluz-xl\/#primaryimage","url":"https:\/\/esztituri.hu\/eszti_wp\/wp-content\/uploads\/2026\/01\/TDGO4864-1.png","contentUrl":"https:\/\/esztituri.hu\/eszti_wp\/wp-content\/uploads\/2026\/01\/TDGO4864-1.png","width":1024,"height":1536},{"@type":"BreadcrumbList","@id":"https:\/\/esztituri.hu\/eszti_wp\/termek\/wallis-mintas-bluz-xl\/#breadcrumb","itemListElement":[{"@type":"ListItem","position":1,"name":"Kezd\u0151lap","item":"https:\/\/esztituri.hu\/eszti_wp\/"},{"@type":"ListItem","position":2,"name":"Webshop","item":"https:\/\/esztituri.hu\/eszti_wp\/webshop\/"},{"@type":"ListItem","position":3,"name":"Wallis mint\u00e1s bl\u00faz (XL)"}]},{"@type":"WebSite","@id":"https:\/\/esztituri.hu\/eszti_wp\/#website","url":"https:\/\/esztituri.hu\/eszti_wp\/","name":"Eszti-Turi | pr\u00e9mium haszn\u00e1lt ruh\u00e1k | folyamatosan friss\u00fcl\u0151 \u00e1ruk\u00e9szlet","description":"Pr\u00e9mium haszn\u00e1lt ruh\u00e1k","publisher":{"@id":"https:\/\/esztituri.hu\/eszti_wp\/#organization"},"potentialAction":[{"@type":"SearchAction","target":{"@type":"EntryPoint","urlTemplate":"https:\/\/esztituri.hu\/eszti_wp\/?s={search_term_string}"},"query-input":{"@type":"PropertyValueSpecification","valueRequired":true,"valueName":"search_term_string"}}],"inLanguage":"hu"},{"@type":"Organization","@id":"https:\/\/esztituri.hu\/eszti_wp\/#organization","name":"Eszti-Turi | pr\u00e9mium haszn\u00e1lt ruh\u00e1k | folyamatosan friss\u00fcl\u0151 \u00e1ruk\u00e9szlet","url":"https:\/\/esztituri.hu\/eszti_wp\/","logo":{"@type":"ImageObject","inLanguage":"hu","@id":"https:\/\/esztituri.hu\/eszti_wp\/#\/schema\/logo\/image\/","url":"https:\/\/esztituri.hu\/eszti_wp\/wp-content\/uploads\/2023\/03\/Eszti-turi-logo.png","contentUrl":"https:\/\/esztituri.hu\/eszti_wp\/wp-content\/uploads\/2023\/03\/Eszti-turi-logo.png","width":1024,"height":1024,"caption":"Eszti-Turi | pr\u00e9mium haszn\u00e1lt ruh\u00e1k | folyamatosan friss\u00fcl\u0151 \u00e1ruk\u00e9szlet"},"image":{"@id":"https:\/\/esztituri.hu\/eszti_wp\/#\/schema\/logo\/image\/"},"sameAs":["https:\/\/www.facebook.com\/groups\/1058158977911571"]}]},"product_price_amount":"1990","product_price_currency":"HUF","og_availability":"instock","product_availability":"instock","product_retailer_item_id":"WA48B","product_condition":"new"},"_links":{"self":[{"href":"https:\/\/esztituri.hu\/eszti_wp\/wp-json\/wp\/v2\/product\/9815","targetHints":{"allow":["GET"]}}],"collection":[{"href":"https:\/\/esztituri.hu\/eszti_wp\/wp-json\/wp\/v2\/product"}],"about":[{"href":"https:\/\/esztituri.hu\/eszti_wp\/wp-json\/wp\/v2\/types\/product"}],"wp:featuredmedia":[{"embeddable":true,"href":"https:\/\/esztituri.hu\/eszti_wp\/wp-json\/wp\/v2\/media\/10329"}],"wp:attachment":[{"href":"https:\/\/esztituri.hu\/eszti_wp\/wp-json\/wp\/v2\/media?parent=9815"}],"wp:term":[{"taxonomy":"product_brand","embeddable":true,"href":"https:\/\/esztituri.hu\/eszti_wp\/wp-json\/wp\/v2\/product_brand?post=9815"},{"taxonomy":"product_cat","embeddable":true,"href":"https:\/\/esztituri.hu\/eszti_wp\/wp-json\/wp\/v2\/product_cat?post=9815"},{"taxonomy":"product_tag","embeddable":true,"href":"https:\/\/esztituri.hu\/eszti_wp\/wp-json\/wp\/v2\/product_tag?post=9815"}],"curies":[{"name":"wp","href":"https:\/\/api.w.org\/{rel}","templated":true}]}}