{"id":9859,"date":"2026-01-29T15:44:12","date_gmt":"2026-01-29T13:44:12","guid":{"rendered":"https:\/\/esztituri.hu\/eszti_wp\/?post_type=product&#038;p=9859"},"modified":"2026-04-04T15:21:52","modified_gmt":"2026-04-04T13:21:52","slug":"rozsaszin-pillangos-tunika-xxl","status":"publish","type":"product","link":"https:\/\/esztituri.hu\/eszti_wp\/termek\/rozsaszin-pillangos-tunika-xxl\/","title":{"rendered":"R\u00f3zsasz\u00edn tunika (XXL)"},"content":{"rendered":"","protected":false},"excerpt":{"rendered":"<p><strong>R\u00f6vid ujj\u00fa, b\u0151 fazon\u00fa fels\u0151 aszimmetrikus aljjal. El\u0151l pillang\u00f3mint\u00e1s \u00e9s feliratos grafika d\u00edsz\u00edti.<\/strong><\/p>\n<p>50\/XXL m\u00e9ret<\/p>\n<ul>\n<li>mellb\u0151s\u00e9g: 62-65 cm x2<\/li>\n<li>hossz: 75 cm<\/li>\n<li>anyag\u00f6sszet\u00e9tel: 95% pamut, 5% elaszt\u00e1n<\/li>\n<\/ul>\n","protected":false},"featured_media":10220,"template":"","meta":[],"product_brand":[],"product_cat":[319,35],"product_tag":[526,326,368,19,376,527],"class_list":{"0":"post-9859","1":"product","2":"type-product","3":"status-publish","4":"has-post-thumbnail","6":"product_cat-plus-size","7":"product_cat-polo-felso","8":"product_tag-526","9":"product_tag-felso","10":"product_tag-pillango","11":"product_tag-rozsaszin","12":"product_tag-tunika","13":"product_tag-xxl","15":"first","16":"instock","17":"sold-individually","18":"shipping-taxable","19":"purchasable","20":"product-type-simple"},"yoast_head":"<!-- This site is optimized with the Yoast SEO Premium plugin v27.3 (Yoast SEO v27.3) - https:\/\/yoast.com\/product\/yoast-seo-premium-wordpress\/ -->\n<title>R\u00f3zsasz\u00edn tunika (XXL) | Eszti-Turi | pr\u00e9mium haszn\u00e1lt ruh\u00e1k | folyamatosan friss\u00fcl\u0151 \u00e1ruk\u00e9szlet<\/title>\n<meta name=\"robots\" content=\"noindex, follow\" \/>\n<meta property=\"og:locale\" content=\"hu_HU\" \/>\n<meta property=\"og:type\" content=\"article\" \/>\n<meta property=\"og:title\" content=\"R\u00f3zsasz\u00edn tunika (XXL)\" \/>\n<meta property=\"og:description\" content=\"R\u00f6vid ujj\u00fa, b\u0151 fazon\u00fa fels\u0151 aszimmetrikus aljjal. El\u0151l pillang\u00f3mint\u00e1s \u00e9s feliratos grafika d\u00edsz\u00edti.  50\/XXL m\u00e9ret   mellb\u0151s\u00e9g: 62-65 cm x2  hossz: 75 cm  anyag\u00f6sszet\u00e9tel: 95% pamut, 5% elaszt\u00e1n\" \/>\n<meta property=\"og:url\" content=\"https:\/\/esztituri.hu\/eszti_wp\/termek\/rozsaszin-pillangos-tunika-xxl\/\" \/>\n<meta property=\"og:site_name\" content=\"Eszti-Turi | pr\u00e9mium haszn\u00e1lt ruh\u00e1k | folyamatosan friss\u00fcl\u0151 \u00e1ruk\u00e9szlet\" \/>\n<meta property=\"article:publisher\" content=\"https:\/\/www.facebook.com\/groups\/1058158977911571\" \/>\n<meta property=\"article:modified_time\" content=\"2026-04-04T13:21:52+00:00\" \/>\n<meta property=\"og:image\" content=\"https:\/\/esztituri.hu\/eszti_wp\/wp-content\/uploads\/2026\/01\/HVLS1433.png\" \/>\n\t<meta property=\"og:image:width\" content=\"1024\" \/>\n\t<meta property=\"og:image:height\" content=\"1536\" \/>\n\t<meta property=\"og:image:type\" content=\"image\/png\" \/>\n<meta name=\"twitter:card\" content=\"summary_large_image\" \/>\n<meta name=\"twitter:label1\" content=\"\u00c1r\" \/>\n\t<meta name=\"twitter:data1\" content=\"2.490&nbsp;&#070;&#116;\" \/>\n\t<meta name=\"twitter:label2\" content=\"El\u00e9rhet\u0151s\u00e9g\" \/>\n\t<meta name=\"twitter:data2\" content=\"K\u00e9szleten\" \/>\n<script type=\"application\/ld+json\" class=\"yoast-schema-graph\">{\"@context\":\"https:\\\/\\\/schema.org\",\"@graph\":[{\"@type\":\"WebPage\",\"@id\":\"https:\\\/\\\/esztituri.hu\\\/eszti_wp\\\/termek\\\/rozsaszin-pillangos-tunika-xxl\\\/\",\"url\":\"https:\\\/\\\/esztituri.hu\\\/eszti_wp\\\/termek\\\/rozsaszin-pillangos-tunika-xxl\\\/\",\"name\":\"R\u00f3zsasz\u00edn tunika (XXL) | Eszti-Turi | pr\u00e9mium haszn\u00e1lt ruh\u00e1k | folyamatosan friss\u00fcl\u0151 \u00e1ruk\u00e9szlet\",\"isPartOf\":{\"@id\":\"https:\\\/\\\/esztituri.hu\\\/eszti_wp\\\/#website\"},\"primaryImageOfPage\":{\"@id\":\"https:\\\/\\\/esztituri.hu\\\/eszti_wp\\\/termek\\\/rozsaszin-pillangos-tunika-xxl\\\/#primaryimage\"},\"image\":{\"@id\":\"https:\\\/\\\/esztituri.hu\\\/eszti_wp\\\/termek\\\/rozsaszin-pillangos-tunika-xxl\\\/#primaryimage\"},\"thumbnailUrl\":\"https:\\\/\\\/esztituri.hu\\\/eszti_wp\\\/wp-content\\\/uploads\\\/2026\\\/01\\\/HVLS1433.png\",\"datePublished\":\"2026-01-29T13:44:12+00:00\",\"dateModified\":\"2026-04-04T13:21:52+00:00\",\"breadcrumb\":{\"@id\":\"https:\\\/\\\/esztituri.hu\\\/eszti_wp\\\/termek\\\/rozsaszin-pillangos-tunika-xxl\\\/#breadcrumb\"},\"inLanguage\":\"hu\",\"potentialAction\":[{\"@type\":\"ReadAction\",\"target\":[\"https:\\\/\\\/esztituri.hu\\\/eszti_wp\\\/termek\\\/rozsaszin-pillangos-tunika-xxl\\\/\"]}]},{\"@type\":\"ImageObject\",\"inLanguage\":\"hu\",\"@id\":\"https:\\\/\\\/esztituri.hu\\\/eszti_wp\\\/termek\\\/rozsaszin-pillangos-tunika-xxl\\\/#primaryimage\",\"url\":\"https:\\\/\\\/esztituri.hu\\\/eszti_wp\\\/wp-content\\\/uploads\\\/2026\\\/01\\\/HVLS1433.png\",\"contentUrl\":\"https:\\\/\\\/esztituri.hu\\\/eszti_wp\\\/wp-content\\\/uploads\\\/2026\\\/01\\\/HVLS1433.png\",\"width\":1024,\"height\":1536},{\"@type\":\"BreadcrumbList\",\"@id\":\"https:\\\/\\\/esztituri.hu\\\/eszti_wp\\\/termek\\\/rozsaszin-pillangos-tunika-xxl\\\/#breadcrumb\",\"itemListElement\":[{\"@type\":\"ListItem\",\"position\":1,\"name\":\"Kezd\u0151lap\",\"item\":\"https:\\\/\\\/esztituri.hu\\\/eszti_wp\\\/\"},{\"@type\":\"ListItem\",\"position\":2,\"name\":\"Webshop\",\"item\":\"https:\\\/\\\/esztituri.hu\\\/eszti_wp\\\/webshop\\\/\"},{\"@type\":\"ListItem\",\"position\":3,\"name\":\"R\u00f3zsasz\u00edn tunika (XXL)\"}]},{\"@type\":\"WebSite\",\"@id\":\"https:\\\/\\\/esztituri.hu\\\/eszti_wp\\\/#website\",\"url\":\"https:\\\/\\\/esztituri.hu\\\/eszti_wp\\\/\",\"name\":\"Eszti-Turi | pr\u00e9mium haszn\u00e1lt ruh\u00e1k | folyamatosan friss\u00fcl\u0151 \u00e1ruk\u00e9szlet\",\"description\":\"Pr\u00e9mium haszn\u00e1lt ruh\u00e1k\",\"publisher\":{\"@id\":\"https:\\\/\\\/esztituri.hu\\\/eszti_wp\\\/#organization\"},\"potentialAction\":[{\"@type\":\"SearchAction\",\"target\":{\"@type\":\"EntryPoint\",\"urlTemplate\":\"https:\\\/\\\/esztituri.hu\\\/eszti_wp\\\/?s={search_term_string}\"},\"query-input\":{\"@type\":\"PropertyValueSpecification\",\"valueRequired\":true,\"valueName\":\"search_term_string\"}}],\"inLanguage\":\"hu\"},{\"@type\":\"Organization\",\"@id\":\"https:\\\/\\\/esztituri.hu\\\/eszti_wp\\\/#organization\",\"name\":\"Eszti-Turi | pr\u00e9mium haszn\u00e1lt ruh\u00e1k | folyamatosan friss\u00fcl\u0151 \u00e1ruk\u00e9szlet\",\"url\":\"https:\\\/\\\/esztituri.hu\\\/eszti_wp\\\/\",\"logo\":{\"@type\":\"ImageObject\",\"inLanguage\":\"hu\",\"@id\":\"https:\\\/\\\/esztituri.hu\\\/eszti_wp\\\/#\\\/schema\\\/logo\\\/image\\\/\",\"url\":\"https:\\\/\\\/esztituri.hu\\\/eszti_wp\\\/wp-content\\\/uploads\\\/2023\\\/03\\\/Eszti-turi-logo.png\",\"contentUrl\":\"https:\\\/\\\/esztituri.hu\\\/eszti_wp\\\/wp-content\\\/uploads\\\/2023\\\/03\\\/Eszti-turi-logo.png\",\"width\":1024,\"height\":1024,\"caption\":\"Eszti-Turi | pr\u00e9mium haszn\u00e1lt ruh\u00e1k | folyamatosan friss\u00fcl\u0151 \u00e1ruk\u00e9szlet\"},\"image\":{\"@id\":\"https:\\\/\\\/esztituri.hu\\\/eszti_wp\\\/#\\\/schema\\\/logo\\\/image\\\/\"},\"sameAs\":[\"https:\\\/\\\/www.facebook.com\\\/groups\\\/1058158977911571\"]}]}<\/script>\n<meta property=\"product:price:amount\" content=\"2490\" \/>\n<meta property=\"product:price:currency\" content=\"HUF\" \/>\n<meta property=\"og:availability\" content=\"instock\" \/>\n<meta property=\"product:availability\" content=\"instock\" \/>\n<meta property=\"product:retailer_item_id\" content=\"PI50T\" \/>\n<meta property=\"product:condition\" content=\"new\" \/>\n<!-- \/ Yoast SEO Premium plugin. -->","yoast_head_json":{"title":"R\u00f3zsasz\u00edn tunika (XXL) | Eszti-Turi | pr\u00e9mium haszn\u00e1lt ruh\u00e1k | folyamatosan friss\u00fcl\u0151 \u00e1ruk\u00e9szlet","robots":{"index":"noindex","follow":"follow"},"og_locale":"hu_HU","og_type":"article","og_title":"R\u00f3zsasz\u00edn tunika (XXL)","og_description":"R\u00f6vid ujj\u00fa, b\u0151 fazon\u00fa fels\u0151 aszimmetrikus aljjal. El\u0151l pillang\u00f3mint\u00e1s \u00e9s feliratos grafika d\u00edsz\u00edti.  50\/XXL m\u00e9ret   mellb\u0151s\u00e9g: 62-65 cm x2  hossz: 75 cm  anyag\u00f6sszet\u00e9tel: 95% pamut, 5% elaszt\u00e1n","og_url":"https:\/\/esztituri.hu\/eszti_wp\/termek\/rozsaszin-pillangos-tunika-xxl\/","og_site_name":"Eszti-Turi | pr\u00e9mium haszn\u00e1lt ruh\u00e1k | folyamatosan friss\u00fcl\u0151 \u00e1ruk\u00e9szlet","article_publisher":"https:\/\/www.facebook.com\/groups\/1058158977911571","article_modified_time":"2026-04-04T13:21:52+00:00","og_image":[{"width":1024,"height":1536,"url":"https:\/\/esztituri.hu\/eszti_wp\/wp-content\/uploads\/2026\/01\/HVLS1433.png","type":"image\/png"}],"twitter_card":"summary_large_image","twitter_misc":{"\u00c1r":"2.490&nbsp;&#70;&#116;","El\u00e9rhet\u0151s\u00e9g":"K\u00e9szleten"},"schema":{"@context":"https:\/\/schema.org","@graph":[{"@type":"WebPage","@id":"https:\/\/esztituri.hu\/eszti_wp\/termek\/rozsaszin-pillangos-tunika-xxl\/","url":"https:\/\/esztituri.hu\/eszti_wp\/termek\/rozsaszin-pillangos-tunika-xxl\/","name":"R\u00f3zsasz\u00edn tunika (XXL) | Eszti-Turi | pr\u00e9mium haszn\u00e1lt ruh\u00e1k | folyamatosan friss\u00fcl\u0151 \u00e1ruk\u00e9szlet","isPartOf":{"@id":"https:\/\/esztituri.hu\/eszti_wp\/#website"},"primaryImageOfPage":{"@id":"https:\/\/esztituri.hu\/eszti_wp\/termek\/rozsaszin-pillangos-tunika-xxl\/#primaryimage"},"image":{"@id":"https:\/\/esztituri.hu\/eszti_wp\/termek\/rozsaszin-pillangos-tunika-xxl\/#primaryimage"},"thumbnailUrl":"https:\/\/esztituri.hu\/eszti_wp\/wp-content\/uploads\/2026\/01\/HVLS1433.png","datePublished":"2026-01-29T13:44:12+00:00","dateModified":"2026-04-04T13:21:52+00:00","breadcrumb":{"@id":"https:\/\/esztituri.hu\/eszti_wp\/termek\/rozsaszin-pillangos-tunika-xxl\/#breadcrumb"},"inLanguage":"hu","potentialAction":[{"@type":"ReadAction","target":["https:\/\/esztituri.hu\/eszti_wp\/termek\/rozsaszin-pillangos-tunika-xxl\/"]}]},{"@type":"ImageObject","inLanguage":"hu","@id":"https:\/\/esztituri.hu\/eszti_wp\/termek\/rozsaszin-pillangos-tunika-xxl\/#primaryimage","url":"https:\/\/esztituri.hu\/eszti_wp\/wp-content\/uploads\/2026\/01\/HVLS1433.png","contentUrl":"https:\/\/esztituri.hu\/eszti_wp\/wp-content\/uploads\/2026\/01\/HVLS1433.png","width":1024,"height":1536},{"@type":"BreadcrumbList","@id":"https:\/\/esztituri.hu\/eszti_wp\/termek\/rozsaszin-pillangos-tunika-xxl\/#breadcrumb","itemListElement":[{"@type":"ListItem","position":1,"name":"Kezd\u0151lap","item":"https:\/\/esztituri.hu\/eszti_wp\/"},{"@type":"ListItem","position":2,"name":"Webshop","item":"https:\/\/esztituri.hu\/eszti_wp\/webshop\/"},{"@type":"ListItem","position":3,"name":"R\u00f3zsasz\u00edn tunika (XXL)"}]},{"@type":"WebSite","@id":"https:\/\/esztituri.hu\/eszti_wp\/#website","url":"https:\/\/esztituri.hu\/eszti_wp\/","name":"Eszti-Turi | pr\u00e9mium haszn\u00e1lt ruh\u00e1k | folyamatosan friss\u00fcl\u0151 \u00e1ruk\u00e9szlet","description":"Pr\u00e9mium haszn\u00e1lt ruh\u00e1k","publisher":{"@id":"https:\/\/esztituri.hu\/eszti_wp\/#organization"},"potentialAction":[{"@type":"SearchAction","target":{"@type":"EntryPoint","urlTemplate":"https:\/\/esztituri.hu\/eszti_wp\/?s={search_term_string}"},"query-input":{"@type":"PropertyValueSpecification","valueRequired":true,"valueName":"search_term_string"}}],"inLanguage":"hu"},{"@type":"Organization","@id":"https:\/\/esztituri.hu\/eszti_wp\/#organization","name":"Eszti-Turi | pr\u00e9mium haszn\u00e1lt ruh\u00e1k | folyamatosan friss\u00fcl\u0151 \u00e1ruk\u00e9szlet","url":"https:\/\/esztituri.hu\/eszti_wp\/","logo":{"@type":"ImageObject","inLanguage":"hu","@id":"https:\/\/esztituri.hu\/eszti_wp\/#\/schema\/logo\/image\/","url":"https:\/\/esztituri.hu\/eszti_wp\/wp-content\/uploads\/2023\/03\/Eszti-turi-logo.png","contentUrl":"https:\/\/esztituri.hu\/eszti_wp\/wp-content\/uploads\/2023\/03\/Eszti-turi-logo.png","width":1024,"height":1024,"caption":"Eszti-Turi | pr\u00e9mium haszn\u00e1lt ruh\u00e1k | folyamatosan friss\u00fcl\u0151 \u00e1ruk\u00e9szlet"},"image":{"@id":"https:\/\/esztituri.hu\/eszti_wp\/#\/schema\/logo\/image\/"},"sameAs":["https:\/\/www.facebook.com\/groups\/1058158977911571"]}]},"product_price_amount":"2490","product_price_currency":"HUF","og_availability":"instock","product_availability":"instock","product_retailer_item_id":"PI50T","product_condition":"new"},"_links":{"self":[{"href":"https:\/\/esztituri.hu\/eszti_wp\/wp-json\/wp\/v2\/product\/9859","targetHints":{"allow":["GET"]}}],"collection":[{"href":"https:\/\/esztituri.hu\/eszti_wp\/wp-json\/wp\/v2\/product"}],"about":[{"href":"https:\/\/esztituri.hu\/eszti_wp\/wp-json\/wp\/v2\/types\/product"}],"wp:featuredmedia":[{"embeddable":true,"href":"https:\/\/esztituri.hu\/eszti_wp\/wp-json\/wp\/v2\/media\/10220"}],"wp:attachment":[{"href":"https:\/\/esztituri.hu\/eszti_wp\/wp-json\/wp\/v2\/media?parent=9859"}],"wp:term":[{"taxonomy":"product_brand","embeddable":true,"href":"https:\/\/esztituri.hu\/eszti_wp\/wp-json\/wp\/v2\/product_brand?post=9859"},{"taxonomy":"product_cat","embeddable":true,"href":"https:\/\/esztituri.hu\/eszti_wp\/wp-json\/wp\/v2\/product_cat?post=9859"},{"taxonomy":"product_tag","embeddable":true,"href":"https:\/\/esztituri.hu\/eszti_wp\/wp-json\/wp\/v2\/product_tag?post=9859"}],"curies":[{"name":"wp","href":"https:\/\/api.w.org\/{rel}","templated":true}]}}